{"id":3666,"date":"2024-11-05T17:23:13","date_gmt":"2024-11-05T16:23:13","guid":{"rendered":"https:\/\/sparkbiom.pl\/?page_id=3666"},"modified":"2026-02-16T22:05:10","modified_gmt":"2026-02-16T21:05:10","slug":"partnerzy","status":"publish","type":"page","link":"https:\/\/sparkbiom.pl\/en\/partnerzy\/","title":{"rendered":"Partners"},"content":{"rendered":"<h1 class=\"has-text-align-center wp-block-heading\">Partners<\/h1>\n\n<p>Research partners in microbiome genetic research<\/p>\n\n<figure class=\"wp-block-image size-medium\"><img loading=\"lazy\" decoding=\"async\" width=\"300\" height=\"114\" src=\"https:\/\/sparkbiom.pl\/wp-content\/uploads\/2024\/01\/oxford-university-300x114.jpg\" alt class=\"wp-image-1321\" srcset=\"https:\/\/sparkbiom.pl\/wp-content\/uploads\/2024\/01\/oxford-university-300x114.jpg 300w, https:\/\/sparkbiom.pl\/wp-content\/uploads\/2024\/01\/oxford-university-600x228.jpg 600w, https:\/\/sparkbiom.pl\/wp-content\/uploads\/2024\/01\/oxford-university-1024x388.jpg 1024w, https:\/\/sparkbiom.pl\/wp-content\/uploads\/2024\/01\/oxford-university-768x291.jpg 768w, https:\/\/sparkbiom.pl\/wp-content\/uploads\/2024\/01\/oxford-university-1536x583.jpg 1536w, https:\/\/sparkbiom.pl\/wp-content\/uploads\/2024\/01\/oxford-university-1080x410.jpg 1080w, https:\/\/sparkbiom.pl\/wp-content\/uploads\/2024\/01\/oxford-university-1280x486.jpg 1280w, https:\/\/sparkbiom.pl\/wp-content\/uploads\/2024\/01\/oxford-university-980x372.jpg 980w, https:\/\/sparkbiom.pl\/wp-content\/uploads\/2024\/01\/oxford-university-480x182.jpg 480w, https:\/\/sparkbiom.pl\/wp-content\/uploads\/2024\/01\/oxford-university.jpg 1600w\" sizes=\"auto, (max-width: 300px) 100vw, 300px\" \/><\/figure>\n\n<figure class=\"wp-block-image size-medium\"><img loading=\"lazy\" decoding=\"async\" width=\"300\" height=\"170\" src=\"https:\/\/sparkbiom.pl\/wp-content\/uploads\/2024\/01\/urk_pl-300x170.jpg\" alt class=\"wp-image-1316\" srcset=\"https:\/\/sparkbiom.pl\/wp-content\/uploads\/2024\/01\/urk_pl-300x170.jpg 300w, https:\/\/sparkbiom.pl\/wp-content\/uploads\/2024\/01\/urk_pl-480x272.jpg 480w, https:\/\/sparkbiom.pl\/wp-content\/uploads\/2024\/01\/urk_pl.jpg 521w\" sizes=\"auto, (max-width: 300px) 100vw, 300px\" \/><\/figure>\n\n<p>Research partners in microbiome genetic research<\/p>\n\n<figure class=\"wp-block-image size-medium\"><img loading=\"lazy\" decoding=\"async\" width=\"300\" height=\"92\" src=\"https:\/\/sparkbiom.pl\/wp-content\/uploads\/2024\/05\/logo-novaclinic4-300x92.webp\" alt class=\"wp-image-2087\" srcset=\"https:\/\/sparkbiom.pl\/wp-content\/uploads\/2024\/05\/logo-novaclinic4-300x92.webp 300w, https:\/\/sparkbiom.pl\/wp-content\/uploads\/2024\/05\/logo-novaclinic4.webp 302w\" sizes=\"auto, (max-width: 300px) 100vw, 300px\" \/><\/figure>\n\n<figure class=\"wp-block-image size-medium\"><img loading=\"lazy\" decoding=\"async\" width=\"300\" height=\"88\" src=\"https:\/\/sparkbiom.pl\/wp-content\/uploads\/2024\/05\/cropped-logo-ocenazdrowia-bez-krokpki-i-bez-tla-01.png-300x88.webp\" alt class=\"wp-image-2083\" srcset=\"https:\/\/sparkbiom.pl\/wp-content\/uploads\/2024\/05\/cropped-logo-ocenazdrowia-bez-krokpki-i-bez-tla-01.png-300x88.webp 300w, https:\/\/sparkbiom.pl\/wp-content\/uploads\/2024\/05\/cropped-logo-ocenazdrowia-bez-krokpki-i-bez-tla-01.png-scaled-600x176.webp 600w, https:\/\/sparkbiom.pl\/wp-content\/uploads\/2024\/05\/cropped-logo-ocenazdrowia-bez-krokpki-i-bez-tla-01.png-1024x300.webp 1024w, https:\/\/sparkbiom.pl\/wp-content\/uploads\/2024\/05\/cropped-logo-ocenazdrowia-bez-krokpki-i-bez-tla-01.png-768x225.webp 768w, https:\/\/sparkbiom.pl\/wp-content\/uploads\/2024\/05\/cropped-logo-ocenazdrowia-bez-krokpki-i-bez-tla-01.png-1536x450.webp 1536w, https:\/\/sparkbiom.pl\/wp-content\/uploads\/2024\/05\/cropped-logo-ocenazdrowia-bez-krokpki-i-bez-tla-01.png-2048x600.webp 2048w, https:\/\/sparkbiom.pl\/wp-content\/uploads\/2024\/05\/cropped-logo-ocenazdrowia-bez-krokpki-i-bez-tla-01.png-1080x317.webp 1080w, https:\/\/sparkbiom.pl\/wp-content\/uploads\/2024\/05\/cropped-logo-ocenazdrowia-bez-krokpki-i-bez-tla-01.png-1280x376.webp 1280w, https:\/\/sparkbiom.pl\/wp-content\/uploads\/2024\/05\/cropped-logo-ocenazdrowia-bez-krokpki-i-bez-tla-01.png-980x287.webp 980w, https:\/\/sparkbiom.pl\/wp-content\/uploads\/2024\/05\/cropped-logo-ocenazdrowia-bez-krokpki-i-bez-tla-01.png-480x141.webp 480w\" sizes=\"auto, (max-width: 300px) 100vw, 300px\" \/><\/figure>\n\n<figure class=\"wp-block-image size-full\"><img loading=\"lazy\" decoding=\"async\" width=\"196\" height=\"104\" src=\"https:\/\/sparkbiom.pl\/wp-content\/uploads\/2024\/01\/prevenea.jpg\" alt class=\"wp-image-1328\"><\/figure>\n\n<figure class=\"wp-block-image size-full\"><img loading=\"lazy\" decoding=\"async\" width=\"1344\" height=\"522\" src=\"https:\/\/sparkbiom.pl\/wp-content\/uploads\/2024\/03\/ams-cm-osteopatia.png\" alt class=\"wp-image-1589\" srcset=\"https:\/\/sparkbiom.pl\/wp-content\/uploads\/2024\/03\/ams-cm-osteopatia.png 1344w, https:\/\/sparkbiom.pl\/wp-content\/uploads\/2024\/03\/ams-cm-osteopatia-600x233.png 600w, https:\/\/sparkbiom.pl\/wp-content\/uploads\/2024\/03\/ams-cm-osteopatia-300x117.png 300w, https:\/\/sparkbiom.pl\/wp-content\/uploads\/2024\/03\/ams-cm-osteopatia-1024x398.png 1024w, https:\/\/sparkbiom.pl\/wp-content\/uploads\/2024\/03\/ams-cm-osteopatia-768x298.png 768w, https:\/\/sparkbiom.pl\/wp-content\/uploads\/2024\/03\/ams-cm-osteopatia-1080x419.png 1080w, https:\/\/sparkbiom.pl\/wp-content\/uploads\/2024\/03\/ams-cm-osteopatia-1280x497.png 1280w, https:\/\/sparkbiom.pl\/wp-content\/uploads\/2024\/03\/ams-cm-osteopatia-980x381.png 980w, https:\/\/sparkbiom.pl\/wp-content\/uploads\/2024\/03\/ams-cm-osteopatia-480x186.png 480w\" sizes=\"auto, (max-width: 1344px) 100vw, 1344px\" \/><\/figure>\n\n<figure class=\"wp-block-image size-full\"><img loading=\"lazy\" decoding=\"async\" width=\"500\" height=\"300\" src=\"https:\/\/sparkbiom.pl\/wp-content\/uploads\/2024\/04\/gastrolog-kapelanka.png\" alt class=\"wp-image-1626\" srcset=\"https:\/\/sparkbiom.pl\/wp-content\/uploads\/2024\/04\/gastrolog-kapelanka.png 500w, https:\/\/sparkbiom.pl\/wp-content\/uploads\/2024\/04\/gastrolog-kapelanka-300x180.png 300w, https:\/\/sparkbiom.pl\/wp-content\/uploads\/2024\/04\/gastrolog-kapelanka-480x288.png 480w\" sizes=\"auto, (max-width: 500px) 100vw, 500px\" \/><\/figure>\n\n<figure class=\"wp-block-image size-full\"><img loading=\"lazy\" decoding=\"async\" width=\"225\" height=\"225\" src=\"https:\/\/sparkbiom.pl\/wp-content\/uploads\/2024\/04\/diagnoza.png\" alt class=\"wp-image-1627\" srcset=\"https:\/\/sparkbiom.pl\/wp-content\/uploads\/2024\/04\/diagnoza.png 225w, https:\/\/sparkbiom.pl\/wp-content\/uploads\/2024\/04\/diagnoza-100x100.png 100w, https:\/\/sparkbiom.pl\/wp-content\/uploads\/2024\/04\/diagnoza-150x150.png 150w\" sizes=\"auto, (max-width: 225px) 100vw, 225px\" \/><\/figure>\n\n<p>Distribution Partners \u2013 Buy the SPARKbiom Test Here<\/p>\n\n<figure class=\"wp-block-image size-medium\"><img loading=\"lazy\" decoding=\"async\" width=\"300\" height=\"91\" src=\"https:\/\/sparkbiom.pl\/wp-content\/uploads\/2024\/01\/mandragora-300x91.png\" alt class=\"wp-image-1397\" srcset=\"https:\/\/sparkbiom.pl\/wp-content\/uploads\/2024\/01\/mandragora-300x91.png 300w, https:\/\/sparkbiom.pl\/wp-content\/uploads\/2024\/01\/mandragora-480x146.png 480w, https:\/\/sparkbiom.pl\/wp-content\/uploads\/2024\/01\/mandragora.png 581w\" sizes=\"auto, (max-width: 300px) 100vw, 300px\" \/><\/figure>\n\n<figure class=\"wp-block-image size-medium\"><img loading=\"lazy\" decoding=\"async\" width=\"300\" height=\"273\" src=\"https:\/\/sparkbiom.pl\/wp-content\/uploads\/2024\/04\/apteka-wiosenna-300x273.png\" alt class=\"wp-image-1616\" srcset=\"https:\/\/sparkbiom.pl\/wp-content\/uploads\/2024\/04\/apteka-wiosenna-300x273.png 300w, https:\/\/sparkbiom.pl\/wp-content\/uploads\/2024\/04\/apteka-wiosenna-600x545.png 600w, https:\/\/sparkbiom.pl\/wp-content\/uploads\/2024\/04\/apteka-wiosenna-1024x931.png 1024w, https:\/\/sparkbiom.pl\/wp-content\/uploads\/2024\/04\/apteka-wiosenna-768x698.png 768w, https:\/\/sparkbiom.pl\/wp-content\/uploads\/2024\/04\/apteka-wiosenna-1080x982.png 1080w, https:\/\/sparkbiom.pl\/wp-content\/uploads\/2024\/04\/apteka-wiosenna-1280x1163.png 1280w, https:\/\/sparkbiom.pl\/wp-content\/uploads\/2024\/04\/apteka-wiosenna-980x891.png 980w, https:\/\/sparkbiom.pl\/wp-content\/uploads\/2024\/04\/apteka-wiosenna-480x436.png 480w, https:\/\/sparkbiom.pl\/wp-content\/uploads\/2024\/04\/apteka-wiosenna.png 1294w\" sizes=\"auto, (max-width: 300px) 100vw, 300px\" \/><\/figure>\n\n<figure class=\"wp-block-image size-full\"><img loading=\"lazy\" decoding=\"async\" width=\"265\" height=\"275\" src=\"https:\/\/sparkbiom.pl\/wp-content\/uploads\/2024\/04\/infarm-wielicka-sm.jpeg\" alt class=\"wp-image-1661\"><\/figure>\n\n<figure class=\"wp-block-image size-full\"><img loading=\"lazy\" decoding=\"async\" width=\"265\" height=\"274\" src=\"https:\/\/sparkbiom.pl\/wp-content\/uploads\/2024\/04\/naturfarm-krokous-sm.jpeg\" alt class=\"wp-image-1660\"><\/figure>\n\n<figure class=\"wp-block-image size-full\"><img loading=\"lazy\" decoding=\"async\" width=\"262\" height=\"274\" src=\"https:\/\/sparkbiom.pl\/wp-content\/uploads\/2024\/04\/naturfarm-tyniec-sm.jpeg\" alt class=\"wp-image-1662\"><\/figure>\n\n<p>Testing Partners \u2013 Take the SPARKbiom Test Here<\/p>\n\n<figure class=\"wp-block-image size-medium\"><img loading=\"lazy\" decoding=\"async\" width=\"300\" height=\"96\" src=\"https:\/\/sparkbiom.pl\/wp-content\/uploads\/2024\/04\/hormon-dia-k-r-dluga-lg-300x96.jpeg\" alt class=\"wp-image-1663\" srcset=\"https:\/\/sparkbiom.pl\/wp-content\/uploads\/2024\/04\/hormon-dia-k-r-dluga-lg-300x96.jpeg 300w, https:\/\/sparkbiom.pl\/wp-content\/uploads\/2024\/04\/hormon-dia-k-r-dluga-lg-480x154.jpeg 480w, https:\/\/sparkbiom.pl\/wp-content\/uploads\/2024\/04\/hormon-dia-k-r-dluga-lg.jpeg 503w\" sizes=\"auto, (max-width: 300px) 100vw, 300px\" \/><\/figure>\n\n<figure class=\"wp-block-image size-medium\"><img loading=\"lazy\" decoding=\"async\" width=\"300\" height=\"95\" src=\"https:\/\/sparkbiom.pl\/wp-content\/uploads\/2024\/04\/hormon-dia-k-r-rusznikarska-lg-300x95.jpeg\" alt class=\"wp-image-1664\" srcset=\"https:\/\/sparkbiom.pl\/wp-content\/uploads\/2024\/04\/hormon-dia-k-r-rusznikarska-lg-300x95.jpeg 300w, https:\/\/sparkbiom.pl\/wp-content\/uploads\/2024\/04\/hormon-dia-k-r-rusznikarska-lg-480x152.jpeg 480w, https:\/\/sparkbiom.pl\/wp-content\/uploads\/2024\/04\/hormon-dia-k-r-rusznikarska-lg.jpeg 500w\" sizes=\"auto, (max-width: 300px) 100vw, 300px\" \/><\/figure>\n\n<figure class=\"wp-block-image size-full\"><img loading=\"lazy\" decoding=\"async\" width=\"502\" height=\"159\" src=\"https:\/\/sparkbiom.pl\/wp-content\/uploads\/2024\/04\/hormon-dia-kr-mazowiecka-lg.jpeg\" alt class=\"wp-image-1665\" srcset=\"https:\/\/sparkbiom.pl\/wp-content\/uploads\/2024\/04\/hormon-dia-kr-mazowiecka-lg.jpeg 502w, https:\/\/sparkbiom.pl\/wp-content\/uploads\/2024\/04\/hormon-dia-kr-mazowiecka-lg-300x95.jpeg 300w, https:\/\/sparkbiom.pl\/wp-content\/uploads\/2024\/04\/hormon-dia-kr-mazowiecka-lg-480x152.jpeg 480w\" sizes=\"auto, (max-width: 502px) 100vw, 502px\" \/><\/figure>\n\n<figure class=\"wp-block-image size-full\"><img loading=\"lazy\" decoding=\"async\" width=\"502\" height=\"158\" src=\"https:\/\/sparkbiom.pl\/wp-content\/uploads\/2024\/04\/hormon-dia-zakopane-lg.jpeg\" alt class=\"wp-image-1666\" srcset=\"https:\/\/sparkbiom.pl\/wp-content\/uploads\/2024\/04\/hormon-dia-zakopane-lg.jpeg 502w, https:\/\/sparkbiom.pl\/wp-content\/uploads\/2024\/04\/hormon-dia-zakopane-lg-300x94.jpeg 300w, https:\/\/sparkbiom.pl\/wp-content\/uploads\/2024\/04\/hormon-dia-zakopane-lg-480x151.jpeg 480w\" sizes=\"auto, (max-width: 502px) 100vw, 502px\" \/><\/figure>\n\n<figure class=\"wp-block-image size-full\"><img loading=\"lazy\" decoding=\"async\" width=\"500\" height=\"159\" src=\"https:\/\/sparkbiom.pl\/wp-content\/uploads\/2024\/04\/hormon-dia-swoszowice-lg.jpeg\" alt class=\"wp-image-1667\" srcset=\"https:\/\/sparkbiom.pl\/wp-content\/uploads\/2024\/04\/hormon-dia-swoszowice-lg.jpeg 500w, https:\/\/sparkbiom.pl\/wp-content\/uploads\/2024\/04\/hormon-dia-swoszowice-lg-300x95.jpeg 300w, https:\/\/sparkbiom.pl\/wp-content\/uploads\/2024\/04\/hormon-dia-swoszowice-lg-480x153.jpeg 480w\" sizes=\"auto, (max-width: 500px) 100vw, 500px\" \/><\/figure>\n\n<figure class=\"wp-block-image size-full\"><img loading=\"lazy\" decoding=\"async\" width=\"503\" height=\"160\" src=\"https:\/\/sparkbiom.pl\/wp-content\/uploads\/2024\/04\/hormon-dia-kr-al.-pokoju-lg.jpeg\" alt class=\"wp-image-1668\" srcset=\"https:\/\/sparkbiom.pl\/wp-content\/uploads\/2024\/04\/hormon-dia-kr-al.-pokoju-lg.jpeg 503w, https:\/\/sparkbiom.pl\/wp-content\/uploads\/2024\/04\/hormon-dia-kr-al.-pokoju-lg-300x95.jpeg 300w, https:\/\/sparkbiom.pl\/wp-content\/uploads\/2024\/04\/hormon-dia-kr-al.-pokoju-lg-480x153.jpeg 480w\" sizes=\"auto, (max-width: 503px) 100vw, 503px\" \/><\/figure>\n\n<figure class=\"wp-block-image size-full\"><img loading=\"lazy\" decoding=\"async\" width=\"500\" height=\"154\" src=\"https:\/\/sparkbiom.pl\/wp-content\/uploads\/2024\/04\/hormon-dia-kr-widok-lg.jpeg\" alt class=\"wp-image-1669\" srcset=\"https:\/\/sparkbiom.pl\/wp-content\/uploads\/2024\/04\/hormon-dia-kr-widok-lg.jpeg 500w, https:\/\/sparkbiom.pl\/wp-content\/uploads\/2024\/04\/hormon-dia-kr-widok-lg-300x92.jpeg 300w, https:\/\/sparkbiom.pl\/wp-content\/uploads\/2024\/04\/hormon-dia-kr-widok-lg-480x148.jpeg 480w\" sizes=\"auto, (max-width: 500px) 100vw, 500px\" \/><\/figure>\n\n<h3 class=\"has-text-align-center wp-block-heading\">tel.: +48 572 260 126<\/h3>\n\n<h2 class=\"has-text-align-center wp-block-heading\">Zaproszenie do wsp\u00f3\u0142pracy<\/h2>\n\n<div class=\"wp-block-buttons is-layout-flex wp-block-buttons-is-layout-flex\"><div class=\"wp-block-button\"><a class=\"wp-block-button__link\">Shop<\/a><\/div><\/div>\n\n\n\n<h3 class=\"has-text-align-center wp-block-heading\">Formularz kontaktowy<br>dla podmiot\u00f3w zainteresowanych partnerstwem<\/h3>\n\n<h3 class=\"has-text-align-center wp-block-heading\">tel.: +48 572 260 126<\/h3>\n\n<!-- wp:Array \/-->","protected":false},"excerpt":{"rendered":"<p>Partnerzy Partnerzy naukowi w\u00a0badaniach genetycznych mikrobiomu Partnerzy kliniczni &#8211; kliniki stosuj\u0105ce badanie SPARKbiom Partnerzy w\u00a0dystrybucji &#8211; tutaj kupisz test SPARKbiom Partnerzy w\u00a0wykonywaniu testu &#8211; tutaj zrobisz test SPARKbiom tel.: +48 572 260 126 Zaproszenie do wsp\u00f3\u0142pracy Formularz kontaktowydla podmiot\u00f3w zainteresowanych partnerstwem tel.: +48 572 260 126<\/p>","protected":false},"author":5,"featured_media":0,"parent":0,"menu_order":0,"comment_status":"closed","ping_status":"closed","template":"","meta":{"footnotes":""},"class_list":["post-3666","page","type-page","status-publish","hentry"],"yoast_head":"<!-- This site is optimized with the Yoast SEO plugin v27.0 - https:\/\/yoast.com\/product\/yoast-seo-wordpress\/ -->\n<title>Partnerzy - Zbadaj Mikrobiom Spark-Tech<\/title>\n<meta name=\"robots\" content=\"index, follow, max-snippet:-1, max-image-preview:large, max-video-preview:-1\" \/>\n<link rel=\"canonical\" href=\"https:\/\/sparkbiom.pl\/en\/partnerzy\/\" \/>\n<meta property=\"og:locale\" content=\"en_US\" \/>\n<meta property=\"og:type\" content=\"article\" \/>\n<meta property=\"og:title\" content=\"Partnerzy - Zbadaj Mikrobiom Spark-Tech\" \/>\n<meta property=\"og:description\" content=\"Partnerzy Partnerzy naukowi w\u00a0badaniach genetycznych mikrobiomu Partnerzy kliniczni &#8211; kliniki stosuj\u0105ce badanie SPARKbiom Partnerzy w\u00a0dystrybucji &#8211; tutaj kupisz test SPARKbiom Partnerzy w\u00a0wykonywaniu testu &#8211; tutaj zrobisz test SPARKbiom tel.: +48 572 260 126 Zaproszenie do wsp\u00f3\u0142pracy Formularz kontaktowydla podmiot\u00f3w zainteresowanych partnerstwem tel.: +48 572 260 126\" \/>\n<meta property=\"og:url\" content=\"https:\/\/sparkbiom.pl\/en\/partnerzy\/\" \/>\n<meta property=\"og:site_name\" content=\"Zbadaj Mikrobiom Spark-Tech\" \/>\n<meta property=\"article:modified_time\" content=\"2026-02-16T21:05:10+00:00\" \/>\n<meta property=\"og:image\" content=\"https:\/\/sparkbiom.pl\/wp-content\/uploads\/2024\/01\/oxford-university.jpg?wsr\" \/>\n\t<meta property=\"og:image:width\" content=\"1600\" \/>\n\t<meta property=\"og:image:height\" content=\"607\" \/>\n\t<meta property=\"og:image:type\" content=\"image\/jpeg\" \/>\n<meta name=\"twitter:card\" content=\"summary_large_image\" \/>\n<meta name=\"twitter:label1\" content=\"Est. reading time\" \/>\n\t<meta name=\"twitter:data1\" content=\"46 minutes\" \/>\n<script type=\"application\/ld+json\" class=\"yoast-schema-graph\">{\"@context\":\"https:\/\/schema.org\",\"@graph\":[{\"@type\":\"WebPage\",\"@id\":\"https:\/\/sparkbiom.pl\/partnerzy\/\",\"url\":\"https:\/\/sparkbiom.pl\/partnerzy\/\",\"name\":\"Partnerzy - Zbadaj Mikrobiom Spark-Tech\",\"isPartOf\":{\"@id\":\"https:\/\/sparkbiom.pl\/#website\"},\"primaryImageOfPage\":{\"@id\":\"https:\/\/sparkbiom.pl\/partnerzy\/#primaryimage\"},\"image\":{\"@id\":\"https:\/\/sparkbiom.pl\/partnerzy\/#primaryimage\"},\"thumbnailUrl\":\"https:\/\/sparkbiom.pl\/wp-content\/uploads\/2024\/01\/oxford-university-300x114.jpg\",\"datePublished\":\"2024-11-05T16:23:13+00:00\",\"dateModified\":\"2026-02-16T21:05:10+00:00\",\"breadcrumb\":{\"@id\":\"https:\/\/sparkbiom.pl\/partnerzy\/#breadcrumb\"},\"inLanguage\":\"en-US\",\"potentialAction\":[{\"@type\":\"ReadAction\",\"target\":[\"https:\/\/sparkbiom.pl\/partnerzy\/\"]}]},{\"@type\":\"ImageObject\",\"inLanguage\":\"en-US\",\"@id\":\"https:\/\/sparkbiom.pl\/partnerzy\/#primaryimage\",\"url\":\"https:\/\/sparkbiom.pl\/wp-content\/uploads\/2024\/01\/oxford-university-300x114.jpg\",\"contentUrl\":\"https:\/\/sparkbiom.pl\/wp-content\/uploads\/2024\/01\/oxford-university-300x114.jpg\"},{\"@type\":\"BreadcrumbList\",\"@id\":\"https:\/\/sparkbiom.pl\/partnerzy\/#breadcrumb\",\"itemListElement\":[{\"@type\":\"ListItem\",\"position\":1,\"name\":\"Strona g\u0142\u00f3wna\",\"item\":\"https:\/\/sparkbiom.pl\/\"},{\"@type\":\"ListItem\",\"position\":2,\"name\":\"Partnerzy\"}]},{\"@type\":\"WebSite\",\"@id\":\"https:\/\/sparkbiom.pl\/#website\",\"url\":\"https:\/\/sparkbiom.pl\/\",\"name\":\"Zbadaj Mikrobiom Spark-Tech\",\"description\":\"Badanie mikrobiomu jelitowego i nie tylko. Spark-Tech i Hormondia\",\"potentialAction\":[{\"@type\":\"SearchAction\",\"target\":{\"@type\":\"EntryPoint\",\"urlTemplate\":\"https:\/\/sparkbiom.pl\/?s={search_term_string}\"},\"query-input\":{\"@type\":\"PropertyValueSpecification\",\"valueRequired\":true,\"valueName\":\"search_term_string\"}}],\"inLanguage\":\"en-US\"}]}<\/script>\n<!-- \/ Yoast SEO plugin. -->","yoast_head_json":{"title":"Partnerzy - Zbadaj Mikrobiom Spark-Tech","robots":{"index":"index","follow":"follow","max-snippet":"max-snippet:-1","max-image-preview":"max-image-preview:large","max-video-preview":"max-video-preview:-1"},"canonical":"https:\/\/sparkbiom.pl\/en\/partnerzy\/","og_locale":"en_US","og_type":"article","og_title":"Partnerzy - Zbadaj Mikrobiom Spark-Tech","og_description":"Partnerzy Partnerzy naukowi w\u00a0badaniach genetycznych mikrobiomu Partnerzy kliniczni &#8211; kliniki stosuj\u0105ce badanie SPARKbiom Partnerzy w\u00a0dystrybucji &#8211; tutaj kupisz test SPARKbiom Partnerzy w\u00a0wykonywaniu testu &#8211; tutaj zrobisz test SPARKbiom tel.: +48 572 260 126 Zaproszenie do wsp\u00f3\u0142pracy Formularz kontaktowydla podmiot\u00f3w zainteresowanych partnerstwem tel.: +48 572 260 126","og_url":"https:\/\/sparkbiom.pl\/en\/partnerzy\/","og_site_name":"Zbadaj Mikrobiom Spark-Tech","article_modified_time":"2026-02-16T21:05:10+00:00","og_image":[{"width":1600,"height":607,"url":"https:\/\/sparkbiom.pl\/wp-content\/uploads\/2024\/01\/oxford-university.jpg?wsr","type":"image\/jpeg"}],"twitter_card":"summary_large_image","twitter_misc":{"Est. reading time":"46 minutes"},"schema":{"@context":"https:\/\/schema.org","@graph":[{"@type":"WebPage","@id":"https:\/\/sparkbiom.pl\/partnerzy\/","url":"https:\/\/sparkbiom.pl\/partnerzy\/","name":"Partnerzy - Zbadaj Mikrobiom Spark-Tech","isPartOf":{"@id":"https:\/\/sparkbiom.pl\/#website"},"primaryImageOfPage":{"@id":"https:\/\/sparkbiom.pl\/partnerzy\/#primaryimage"},"image":{"@id":"https:\/\/sparkbiom.pl\/partnerzy\/#primaryimage"},"thumbnailUrl":"https:\/\/sparkbiom.pl\/wp-content\/uploads\/2024\/01\/oxford-university-300x114.jpg","datePublished":"2024-11-05T16:23:13+00:00","dateModified":"2026-02-16T21:05:10+00:00","breadcrumb":{"@id":"https:\/\/sparkbiom.pl\/partnerzy\/#breadcrumb"},"inLanguage":"en-US","potentialAction":[{"@type":"ReadAction","target":["https:\/\/sparkbiom.pl\/partnerzy\/"]}]},{"@type":"ImageObject","inLanguage":"en-US","@id":"https:\/\/sparkbiom.pl\/partnerzy\/#primaryimage","url":"https:\/\/sparkbiom.pl\/wp-content\/uploads\/2024\/01\/oxford-university-300x114.jpg","contentUrl":"https:\/\/sparkbiom.pl\/wp-content\/uploads\/2024\/01\/oxford-university-300x114.jpg"},{"@type":"BreadcrumbList","@id":"https:\/\/sparkbiom.pl\/partnerzy\/#breadcrumb","itemListElement":[{"@type":"ListItem","position":1,"name":"Strona g\u0142\u00f3wna","item":"https:\/\/sparkbiom.pl\/"},{"@type":"ListItem","position":2,"name":"Partnerzy"}]},{"@type":"WebSite","@id":"https:\/\/sparkbiom.pl\/#website","url":"https:\/\/sparkbiom.pl\/","name":"Zbadaj Mikrobiom Spark-Tech","description":"Badanie mikrobiomu jelitowego i nie tylko. Spark-Tech i Hormondia","potentialAction":[{"@type":"SearchAction","target":{"@type":"EntryPoint","urlTemplate":"https:\/\/sparkbiom.pl\/?s={search_term_string}"},"query-input":{"@type":"PropertyValueSpecification","valueRequired":true,"valueName":"search_term_string"}}],"inLanguage":"en-US"}]}},"_links":{"self":[{"href":"https:\/\/sparkbiom.pl\/en\/wp-json\/wp\/v2\/pages\/3666","targetHints":{"allow":["GET"]}}],"collection":[{"href":"https:\/\/sparkbiom.pl\/en\/wp-json\/wp\/v2\/pages"}],"about":[{"href":"https:\/\/sparkbiom.pl\/en\/wp-json\/wp\/v2\/types\/page"}],"author":[{"embeddable":true,"href":"https:\/\/sparkbiom.pl\/en\/wp-json\/wp\/v2\/users\/5"}],"replies":[{"embeddable":true,"href":"https:\/\/sparkbiom.pl\/en\/wp-json\/wp\/v2\/comments?post=3666"}],"version-history":[{"count":13,"href":"https:\/\/sparkbiom.pl\/en\/wp-json\/wp\/v2\/pages\/3666\/revisions"}],"predecessor-version":[{"id":4445,"href":"https:\/\/sparkbiom.pl\/en\/wp-json\/wp\/v2\/pages\/3666\/revisions\/4445"}],"wp:attachment":[{"href":"https:\/\/sparkbiom.pl\/en\/wp-json\/wp\/v2\/media?parent=3666"}],"curies":[{"name":"wp","href":"https:\/\/api.w.org\/{rel}","templated":true}]}}