{"id":4812,"date":"2026-05-03T18:20:22","date_gmt":"2026-05-03T16:20:22","guid":{"rendered":"https:\/\/sparkbiom.pl\/?page_id=4812"},"modified":"2026-05-11T16:43:44","modified_gmt":"2026-05-11T14:43:44","slug":"raport-zalecen-medycznych-mikrobiomu","status":"publish","type":"page","link":"https:\/\/sparkbiom.pl\/en\/raport-zalecen-medycznych-mikrobiomu\/","title":{"rendered":"Raport Zalece\u0144 Medycznych Mikrobiomu"},"content":{"rendered":"<h2 class=\"wp-block-heading\">Raport krok po kroku<\/h2>\n\nZalecenia Medyczne Mikrobiomu to 15\u201320-stronicowy dokument, kt\u00f3ry przekszta\u0142ca surowe dane z badania SPARKbiom w spersonalizowany plan dzia\u0142ania. Obejrzyj poni\u017csze filmy, aby zobaczy\u0107 jak wygl\u0105da gotowy raport.\n\n\n\n&#8212;&#8212;&#8212;&#8212;-\n\n<h3 class=\"wp-block-heading\">Profil mikrobiomu i analiza funkcjonalna<\/h3>\n\nRaport zaczyna si\u0119 od <strong>syntezy profilu mikrobiomu<\/strong> \u2014 struktury taksonomicznej (kt\u00f3re bakterie dominuj\u0105, kt\u00f3rych brakuje) oraz kluczowych wska\u017anik\u00f3w funkcjonalnych z analizy PICRUSt2.\n\nNast\u0119pnie identyfikowane s\u0105 <strong>krytyczne osie funkcjonalne<\/strong>: produkcja SCFA, detoksykacja siarki, metabolizm kwas\u00f3w \u017c\u00f3\u0142ciowych, o\u015b jelito\u2013m\u00f3zg, wsparcie mitochondrialne \u2014 ka\u017cda z ocen\u0105 statusu.\n\nWszystko powi\u0105zane z kontekstem klinicznym pacjenta: rozpoznaniami, lekami i objawami.\n\n<h2 class=\"wp-block-heading\">Co znajdziesz w raporcie<\/h2>\n\n\u26a0\ufe0f\n\n<h4 class=\"wp-block-heading\">Flagi bezpiecze\u0144stwa<\/h4>\n\nPilne problemy wymagaj\u0105ce diagnostyki \u2014 interakcje lek\u00f3w z mikrobiomem, paradoksy witaminowe.\n\n\ud83e\udd6c\n\n<h4 class=\"wp-block-heading\">Dieta krok po kroku<\/h4>\n\nPlan \u017cywieniowy na 8 tygodni z uzasadnieniem i tempem zmian.\n\n\ud83e\uddeb\n\n<h4 class=\"wp-block-heading\">Probiotyki i prebiotyki<\/h4>\n\nKonkretne szczepy, dawki, harmonogram. Lista czego NIE stosowa\u0107.\n\n\ud83d\udc8a\n\n<h4 class=\"wp-block-heading\">Suplementacja<\/h4>\n\nDawki dostosowane do masy cia\u0142a. Podzia\u0142 na pilne i warunkowe.\n\n\ud83e\uddea\n\n<h4 class=\"wp-block-heading\">Badania kierunkowe<\/h4>\n\n3 priorytety czasowe z celami klinicznymi i punktami decyzyjnymi.\n\n\ud83d\udcc5\n\n<h4 class=\"wp-block-heading\">Harmonogram 12 tyg.<\/h4>\n\n4 etapy: fundament, stabilizacja, ekspansja, konsolidacja.\n\n&#8212;&#8212;&#8212;&#8212;-\n\n<h3 class=\"wp-block-heading\">Zalecenia i harmonogram wdro\u017cenia<\/h3>\n\nDruga cz\u0119\u015b\u0107 raportu to <strong>konkretny plan dzia\u0142ania<\/strong>: dieta, probiotyki, suplementacja i styl \u017cycia \u2014 wszystko rozpisane na etapy z dawkami dostosowanymi do masy cia\u0142a pacjenta.\n\nRaport ko\u0144czy si\u0119 <strong>harmonogramem 12-tygodniowym<\/strong> z checklistami na ka\u017cdy etap, punktami decyzyjnymi oraz list\u0105 bada\u0144 kontrolnych z priorytetami.\n\nCa\u0142o\u015b\u0107 jest weryfikowana i podpisywana przez lekarza specjalist\u0119.\n\n\n\n<strong style='color:#E8963A'>\u26a0 Wa\u017cne:<\/strong> Przedstawiony raport bazuje na <strong>przyk\u0142adowych danych pacjenta<\/strong>. Ka\u017cdy Zalecenia Medyczne jest unikatowy i dostosowany do indywidualnego profilu mikrobiomu, rozpozna\u0144, lek\u00f3w i objaw\u00f3w.","protected":false},"excerpt":{"rendered":"<p>Raport krok po kroku Zalecenia Medyczne Mikrobiomu to 15\u201320-stronicowy dokument, kt\u00f3ry przekszta\u0142ca surowe dane z badania SPARKbiom w spersonalizowany plan dzia\u0142ania. Obejrzyj poni\u017csze filmy, aby zobaczy\u0107 jak wygl\u0105da gotowy raport. &#8212;&#8212;&#8212;&#8212;- Profil mikrobiomu i analiza funkcjonalna Raport zaczyna si\u0119 od syntezy profilu mikrobiomu \u2014 struktury taksonomicznej (kt\u00f3re bakterie dominuj\u0105, kt\u00f3rych brakuje) oraz kluczowych wska\u017anik\u00f3w funkcjonalnych [&hellip;]<\/p>\n","protected":false},"author":6,"featured_media":0,"parent":0,"menu_order":0,"comment_status":"closed","ping_status":"closed","template":"","meta":{"footnotes":""},"class_list":["post-4812","page","type-page","status-publish","hentry"],"yoast_head":"<!-- This site is optimized with the Yoast SEO plugin v27.0 - https:\/\/yoast.com\/product\/yoast-seo-wordpress\/ -->\n<title>Raport Zalece\u0144 Medycznych Mikrobiomu - Zbadaj Mikrobiom Spark-Tech<\/title>\n<meta name=\"robots\" content=\"index, follow, max-snippet:-1, max-image-preview:large, max-video-preview:-1\" \/>\n<link rel=\"canonical\" href=\"https:\/\/sparkbiom.pl\/en\/raport-zalecen-medycznych-mikrobiomu\/\" \/>\n<meta property=\"og:locale\" content=\"en_US\" \/>\n<meta property=\"og:type\" content=\"article\" \/>\n<meta property=\"og:title\" content=\"Raport Zalece\u0144 Medycznych Mikrobiomu - Zbadaj Mikrobiom Spark-Tech\" \/>\n<meta property=\"og:description\" content=\"Raport krok po kroku Zalecenia Medyczne Mikrobiomu to 15\u201320-stronicowy dokument, kt\u00f3ry przekszta\u0142ca surowe dane z badania SPARKbiom w spersonalizowany plan dzia\u0142ania. Obejrzyj poni\u017csze filmy, aby zobaczy\u0107 jak wygl\u0105da gotowy raport. &#8212;&#8212;&#8212;&#8212;- Profil mikrobiomu i analiza funkcjonalna Raport zaczyna si\u0119 od syntezy profilu mikrobiomu \u2014 struktury taksonomicznej (kt\u00f3re bakterie dominuj\u0105, kt\u00f3rych brakuje) oraz kluczowych wska\u017anik\u00f3w funkcjonalnych [&hellip;]\" \/>\n<meta property=\"og:url\" content=\"https:\/\/sparkbiom.pl\/en\/raport-zalecen-medycznych-mikrobiomu\/\" \/>\n<meta property=\"og:site_name\" content=\"Zbadaj Mikrobiom Spark-Tech\" \/>\n<meta property=\"article:modified_time\" content=\"2026-05-11T14:43:44+00:00\" \/>\n<meta name=\"twitter:card\" content=\"summary_large_image\" \/>\n<meta name=\"twitter:label1\" content=\"Est. reading time\" \/>\n\t<meta name=\"twitter:data1\" content=\"2 minutes\" \/>\n<script type=\"application\/ld+json\" class=\"yoast-schema-graph\">{\"@context\":\"https:\/\/schema.org\",\"@graph\":[{\"@type\":\"WebPage\",\"@id\":\"https:\/\/sparkbiom.pl\/raport-zalecen-medycznych-mikrobiomu\/\",\"url\":\"https:\/\/sparkbiom.pl\/raport-zalecen-medycznych-mikrobiomu\/\",\"name\":\"Raport Zalece\u0144 Medycznych Mikrobiomu - Zbadaj Mikrobiom Spark-Tech\",\"isPartOf\":{\"@id\":\"https:\/\/sparkbiom.pl\/#website\"},\"datePublished\":\"2026-05-03T16:20:22+00:00\",\"dateModified\":\"2026-05-11T14:43:44+00:00\",\"breadcrumb\":{\"@id\":\"https:\/\/sparkbiom.pl\/raport-zalecen-medycznych-mikrobiomu\/#breadcrumb\"},\"inLanguage\":\"en-US\",\"potentialAction\":[{\"@type\":\"ReadAction\",\"target\":[\"https:\/\/sparkbiom.pl\/raport-zalecen-medycznych-mikrobiomu\/\"]}]},{\"@type\":\"BreadcrumbList\",\"@id\":\"https:\/\/sparkbiom.pl\/raport-zalecen-medycznych-mikrobiomu\/#breadcrumb\",\"itemListElement\":[{\"@type\":\"ListItem\",\"position\":1,\"name\":\"Strona g\u0142\u00f3wna\",\"item\":\"https:\/\/sparkbiom.pl\/\"},{\"@type\":\"ListItem\",\"position\":2,\"name\":\"Raport Zalece\u0144 Medycznych Mikrobiomu\"}]},{\"@type\":\"WebSite\",\"@id\":\"https:\/\/sparkbiom.pl\/#website\",\"url\":\"https:\/\/sparkbiom.pl\/\",\"name\":\"Zbadaj Mikrobiom Spark-Tech\",\"description\":\"Badanie mikrobiomu jelitowego i nie tylko. Spark-Tech i Hormondia\",\"potentialAction\":[{\"@type\":\"SearchAction\",\"target\":{\"@type\":\"EntryPoint\",\"urlTemplate\":\"https:\/\/sparkbiom.pl\/?s={search_term_string}\"},\"query-input\":{\"@type\":\"PropertyValueSpecification\",\"valueRequired\":true,\"valueName\":\"search_term_string\"}}],\"inLanguage\":\"en-US\"}]}<\/script>\n<!-- \/ Yoast SEO plugin. -->","yoast_head_json":{"title":"Raport Zalece\u0144 Medycznych Mikrobiomu - Zbadaj Mikrobiom Spark-Tech","robots":{"index":"index","follow":"follow","max-snippet":"max-snippet:-1","max-image-preview":"max-image-preview:large","max-video-preview":"max-video-preview:-1"},"canonical":"https:\/\/sparkbiom.pl\/en\/raport-zalecen-medycznych-mikrobiomu\/","og_locale":"en_US","og_type":"article","og_title":"Raport Zalece\u0144 Medycznych Mikrobiomu - Zbadaj Mikrobiom Spark-Tech","og_description":"Raport krok po kroku Zalecenia Medyczne Mikrobiomu to 15\u201320-stronicowy dokument, kt\u00f3ry przekszta\u0142ca surowe dane z badania SPARKbiom w spersonalizowany plan dzia\u0142ania. Obejrzyj poni\u017csze filmy, aby zobaczy\u0107 jak wygl\u0105da gotowy raport. &#8212;&#8212;&#8212;&#8212;- Profil mikrobiomu i analiza funkcjonalna Raport zaczyna si\u0119 od syntezy profilu mikrobiomu \u2014 struktury taksonomicznej (kt\u00f3re bakterie dominuj\u0105, kt\u00f3rych brakuje) oraz kluczowych wska\u017anik\u00f3w funkcjonalnych [&hellip;]","og_url":"https:\/\/sparkbiom.pl\/en\/raport-zalecen-medycznych-mikrobiomu\/","og_site_name":"Zbadaj Mikrobiom Spark-Tech","article_modified_time":"2026-05-11T14:43:44+00:00","twitter_card":"summary_large_image","twitter_misc":{"Est. reading time":"2 minutes"},"schema":{"@context":"https:\/\/schema.org","@graph":[{"@type":"WebPage","@id":"https:\/\/sparkbiom.pl\/raport-zalecen-medycznych-mikrobiomu\/","url":"https:\/\/sparkbiom.pl\/raport-zalecen-medycznych-mikrobiomu\/","name":"Raport Zalece\u0144 Medycznych Mikrobiomu - Zbadaj Mikrobiom Spark-Tech","isPartOf":{"@id":"https:\/\/sparkbiom.pl\/#website"},"datePublished":"2026-05-03T16:20:22+00:00","dateModified":"2026-05-11T14:43:44+00:00","breadcrumb":{"@id":"https:\/\/sparkbiom.pl\/raport-zalecen-medycznych-mikrobiomu\/#breadcrumb"},"inLanguage":"en-US","potentialAction":[{"@type":"ReadAction","target":["https:\/\/sparkbiom.pl\/raport-zalecen-medycznych-mikrobiomu\/"]}]},{"@type":"BreadcrumbList","@id":"https:\/\/sparkbiom.pl\/raport-zalecen-medycznych-mikrobiomu\/#breadcrumb","itemListElement":[{"@type":"ListItem","position":1,"name":"Strona g\u0142\u00f3wna","item":"https:\/\/sparkbiom.pl\/"},{"@type":"ListItem","position":2,"name":"Raport Zalece\u0144 Medycznych Mikrobiomu"}]},{"@type":"WebSite","@id":"https:\/\/sparkbiom.pl\/#website","url":"https:\/\/sparkbiom.pl\/","name":"Zbadaj Mikrobiom Spark-Tech","description":"Badanie mikrobiomu jelitowego i nie tylko. Spark-Tech i Hormondia","potentialAction":[{"@type":"SearchAction","target":{"@type":"EntryPoint","urlTemplate":"https:\/\/sparkbiom.pl\/?s={search_term_string}"},"query-input":{"@type":"PropertyValueSpecification","valueRequired":true,"valueName":"search_term_string"}}],"inLanguage":"en-US"}]}},"_links":{"self":[{"href":"https:\/\/sparkbiom.pl\/en\/wp-json\/wp\/v2\/pages\/4812","targetHints":{"allow":["GET"]}}],"collection":[{"href":"https:\/\/sparkbiom.pl\/en\/wp-json\/wp\/v2\/pages"}],"about":[{"href":"https:\/\/sparkbiom.pl\/en\/wp-json\/wp\/v2\/types\/page"}],"author":[{"embeddable":true,"href":"https:\/\/sparkbiom.pl\/en\/wp-json\/wp\/v2\/users\/6"}],"replies":[{"embeddable":true,"href":"https:\/\/sparkbiom.pl\/en\/wp-json\/wp\/v2\/comments?post=4812"}],"version-history":[{"count":17,"href":"https:\/\/sparkbiom.pl\/en\/wp-json\/wp\/v2\/pages\/4812\/revisions"}],"predecessor-version":[{"id":4885,"href":"https:\/\/sparkbiom.pl\/en\/wp-json\/wp\/v2\/pages\/4812\/revisions\/4885"}],"wp:attachment":[{"href":"https:\/\/sparkbiom.pl\/en\/wp-json\/wp\/v2\/media?parent=4812"}],"curies":[{"name":"wp","href":"https:\/\/api.w.org\/{rel}","templated":true}]}}