{"id":4868,"date":"2026-05-11T14:56:53","date_gmt":"2026-05-11T12:56:53","guid":{"rendered":"https:\/\/sparkbiom.pl\/?page_id=4868"},"modified":"2026-05-11T15:52:49","modified_gmt":"2026-05-11T13:52:49","slug":"raport-taxonomiczny","status":"publish","type":"page","link":"https:\/\/sparkbiom.pl\/en\/raport-taxonomiczny\/","title":{"rendered":"Przyk\u0142ad raportu taxonomicznego"},"content":{"rendered":"<p>SPARKbiom MedLab<\/p>\n\n\n\n<h1 class=\"wp-block-heading has-text-align-center\">Raport Taxonomiczny SPARKbiom<\/h1>\n\n\n\n<p>Przyk\u0142ad raportu &#8211; Analiza pr\u00f3bki przy u\u017cyciu sekwencjonowania DNA metod\u0105 NGS III generacji<\/p>\n\n\n\n<p><\/p>","protected":false},"excerpt":{"rendered":"<p>Spark-Tech Diagnostyka Raport Taxonomiczny SPARKbiom Przyk\u0142ad raportu &#8211; Analiza pr\u00f3bki przy u\u017cyciu sekwencjonowania DNA metod\u0105 NGS III generacji<\/p>","protected":false},"author":6,"featured_media":0,"parent":0,"menu_order":0,"comment_status":"closed","ping_status":"closed","template":"","meta":{"footnotes":""},"class_list":["post-4868","page","type-page","status-publish","hentry"],"yoast_head":"<!-- This site is optimized with the Yoast SEO plugin v27.0 - https:\/\/yoast.com\/product\/yoast-seo-wordpress\/ -->\n<title>Przyk\u0142ad raportu taxonomicznego - Zbadaj Mikrobiom Spark-Tech<\/title>\n<meta name=\"robots\" content=\"index, follow, max-snippet:-1, max-image-preview:large, max-video-preview:-1\" \/>\n<link rel=\"canonical\" href=\"https:\/\/sparkbiom.pl\/en\/raport-taxonomiczny\/\" \/>\n<meta property=\"og:locale\" content=\"en_US\" \/>\n<meta property=\"og:type\" content=\"article\" \/>\n<meta property=\"og:title\" content=\"Przyk\u0142ad raportu taxonomicznego - Zbadaj Mikrobiom Spark-Tech\" \/>\n<meta property=\"og:description\" content=\"Spark-Tech Diagnostyka Raport Taxonomiczny SPARKbiom Przyk\u0142ad raportu &#8211; Analiza pr\u00f3bki przy u\u017cyciu sekwencjonowania DNA metod\u0105 NGS III generacji\" \/>\n<meta property=\"og:url\" content=\"https:\/\/sparkbiom.pl\/en\/raport-taxonomiczny\/\" \/>\n<meta property=\"og:site_name\" content=\"Zbadaj Mikrobiom Spark-Tech\" \/>\n<meta property=\"article:modified_time\" content=\"2026-05-11T13:52:49+00:00\" \/>\n<meta name=\"twitter:card\" content=\"summary_large_image\" \/>\n<meta name=\"twitter:label1\" content=\"Est. reading time\" \/>\n\t<meta name=\"twitter:data1\" content=\"38 minutes\" \/>\n<script type=\"application\/ld+json\" class=\"yoast-schema-graph\">{\"@context\":\"https:\/\/schema.org\",\"@graph\":[{\"@type\":\"WebPage\",\"@id\":\"https:\/\/sparkbiom.pl\/raport-taxonomiczny\/\",\"url\":\"https:\/\/sparkbiom.pl\/raport-taxonomiczny\/\",\"name\":\"Przyk\u0142ad raportu taxonomicznego - Zbadaj Mikrobiom Spark-Tech\",\"isPartOf\":{\"@id\":\"https:\/\/sparkbiom.pl\/#website\"},\"datePublished\":\"2026-05-11T12:56:53+00:00\",\"dateModified\":\"2026-05-11T13:52:49+00:00\",\"breadcrumb\":{\"@id\":\"https:\/\/sparkbiom.pl\/raport-taxonomiczny\/#breadcrumb\"},\"inLanguage\":\"en-US\",\"potentialAction\":[{\"@type\":\"ReadAction\",\"target\":[\"https:\/\/sparkbiom.pl\/raport-taxonomiczny\/\"]}]},{\"@type\":\"BreadcrumbList\",\"@id\":\"https:\/\/sparkbiom.pl\/raport-taxonomiczny\/#breadcrumb\",\"itemListElement\":[{\"@type\":\"ListItem\",\"position\":1,\"name\":\"Strona g\u0142\u00f3wna\",\"item\":\"https:\/\/sparkbiom.pl\/\"},{\"@type\":\"ListItem\",\"position\":2,\"name\":\"Przyk\u0142ad raportu taxonomicznego\"}]},{\"@type\":\"WebSite\",\"@id\":\"https:\/\/sparkbiom.pl\/#website\",\"url\":\"https:\/\/sparkbiom.pl\/\",\"name\":\"Zbadaj Mikrobiom Spark-Tech\",\"description\":\"Badanie mikrobiomu jelitowego i nie tylko. Spark-Tech i Hormondia\",\"potentialAction\":[{\"@type\":\"SearchAction\",\"target\":{\"@type\":\"EntryPoint\",\"urlTemplate\":\"https:\/\/sparkbiom.pl\/?s={search_term_string}\"},\"query-input\":{\"@type\":\"PropertyValueSpecification\",\"valueRequired\":true,\"valueName\":\"search_term_string\"}}],\"inLanguage\":\"en-US\"}]}<\/script>\n<!-- \/ Yoast SEO plugin. -->","yoast_head_json":{"title":"Przyk\u0142ad raportu taxonomicznego - Zbadaj Mikrobiom Spark-Tech","robots":{"index":"index","follow":"follow","max-snippet":"max-snippet:-1","max-image-preview":"max-image-preview:large","max-video-preview":"max-video-preview:-1"},"canonical":"https:\/\/sparkbiom.pl\/en\/raport-taxonomiczny\/","og_locale":"en_US","og_type":"article","og_title":"Przyk\u0142ad raportu taxonomicznego - Zbadaj Mikrobiom Spark-Tech","og_description":"Spark-Tech Diagnostyka Raport Taxonomiczny SPARKbiom Przyk\u0142ad raportu &#8211; Analiza pr\u00f3bki przy u\u017cyciu sekwencjonowania DNA metod\u0105 NGS III generacji","og_url":"https:\/\/sparkbiom.pl\/en\/raport-taxonomiczny\/","og_site_name":"Zbadaj Mikrobiom Spark-Tech","article_modified_time":"2026-05-11T13:52:49+00:00","twitter_card":"summary_large_image","twitter_misc":{"Est. reading time":"38 minutes"},"schema":{"@context":"https:\/\/schema.org","@graph":[{"@type":"WebPage","@id":"https:\/\/sparkbiom.pl\/raport-taxonomiczny\/","url":"https:\/\/sparkbiom.pl\/raport-taxonomiczny\/","name":"Przyk\u0142ad raportu taxonomicznego - Zbadaj Mikrobiom Spark-Tech","isPartOf":{"@id":"https:\/\/sparkbiom.pl\/#website"},"datePublished":"2026-05-11T12:56:53+00:00","dateModified":"2026-05-11T13:52:49+00:00","breadcrumb":{"@id":"https:\/\/sparkbiom.pl\/raport-taxonomiczny\/#breadcrumb"},"inLanguage":"en-US","potentialAction":[{"@type":"ReadAction","target":["https:\/\/sparkbiom.pl\/raport-taxonomiczny\/"]}]},{"@type":"BreadcrumbList","@id":"https:\/\/sparkbiom.pl\/raport-taxonomiczny\/#breadcrumb","itemListElement":[{"@type":"ListItem","position":1,"name":"Strona g\u0142\u00f3wna","item":"https:\/\/sparkbiom.pl\/"},{"@type":"ListItem","position":2,"name":"Przyk\u0142ad raportu taxonomicznego"}]},{"@type":"WebSite","@id":"https:\/\/sparkbiom.pl\/#website","url":"https:\/\/sparkbiom.pl\/","name":"Zbadaj Mikrobiom Spark-Tech","description":"Badanie mikrobiomu jelitowego i nie tylko. Spark-Tech i Hormondia","potentialAction":[{"@type":"SearchAction","target":{"@type":"EntryPoint","urlTemplate":"https:\/\/sparkbiom.pl\/?s={search_term_string}"},"query-input":{"@type":"PropertyValueSpecification","valueRequired":true,"valueName":"search_term_string"}}],"inLanguage":"en-US"}]}},"_links":{"self":[{"href":"https:\/\/sparkbiom.pl\/en\/wp-json\/wp\/v2\/pages\/4868","targetHints":{"allow":["GET"]}}],"collection":[{"href":"https:\/\/sparkbiom.pl\/en\/wp-json\/wp\/v2\/pages"}],"about":[{"href":"https:\/\/sparkbiom.pl\/en\/wp-json\/wp\/v2\/types\/page"}],"author":[{"embeddable":true,"href":"https:\/\/sparkbiom.pl\/en\/wp-json\/wp\/v2\/users\/6"}],"replies":[{"embeddable":true,"href":"https:\/\/sparkbiom.pl\/en\/wp-json\/wp\/v2\/comments?post=4868"}],"version-history":[{"count":5,"href":"https:\/\/sparkbiom.pl\/en\/wp-json\/wp\/v2\/pages\/4868\/revisions"}],"predecessor-version":[{"id":4879,"href":"https:\/\/sparkbiom.pl\/en\/wp-json\/wp\/v2\/pages\/4868\/revisions\/4879"}],"wp:attachment":[{"href":"https:\/\/sparkbiom.pl\/en\/wp-json\/wp\/v2\/media?parent=4868"}],"curies":[{"name":"wp","href":"https:\/\/api.w.org\/{rel}","templated":true}]}}