{"id":3850,"date":"2025-05-20T18:03:01","date_gmt":"2025-05-20T16:03:01","guid":{"rendered":"https:\/\/sparkbiom.pl\/?post_type=product&#038;p=3850"},"modified":"2026-03-27T18:59:27","modified_gmt":"2026-03-27T17:59:27","slug":"badanie-sparkbiom-warianty","status":"publish","type":"product","link":"https:\/\/sparkbiom.pl\/en\/product\/badanie-sparkbiom-warianty\/","title":{"rendered":"Test SPARKbiom"},"content":{"rendered":"<p><strong>Dost\u0119pne mikrobiomy do badania:<\/strong><\/p>\n<ul>\n<li><strong>Mikrobiom jamy ustnej i gard\u0142a (wymaz z gard\u0142a)<\/strong>\u00a0\u2013 diagnostyka flory bakteryjnej jamy ustnej i gard\u0142a, pomocna przy infekcjach g\u00f3rnych dr\u00f3g oddechowych.<\/li>\n<li><strong>Mikrobiom zatok (wymaz z nosa)<\/strong>\u00a0\u2013 analiza mikroflory zatok i przewod\u00f3w nosowych, pomocna w diagnostyce przewlek\u0142ego zapalenia zatok czy infekcji nosa.<\/li>\n<li><strong>Mikrobiom uszny (wymaz z ucha)<\/strong>\u00a0\u2013 diagnostyka specyficznej flory przewodu s\u0142uchowego, wa\u017cna przy nawracaj\u0105cych zapaleniach uszu.<\/li>\n<li><strong>Mikrobiom sk\u00f3ry (wymaz\/wydzielina\/fragment sk\u00f3ry)<\/strong>\u00a0\u2013 analiza mikroflory sk\u00f3rnej, wa\u017cna w diagnostyce chor\u00f3b sk\u00f3ry, alergii i problem\u00f3w dermatologicznych.<\/li>\n<li><strong>Mikrobiom jelitowy (ka\u0142, stolec)<\/strong>\u00a0\u2013 analiza flory jelitowej, pozwalaj\u0105ca na ocen\u0119 zdrowia jelit, diagnostyk\u0119 problem\u00f3w trawiennych i wch\u0142aniania sk\u0142adnik\u00f3w od\u017cywczych.<\/li>\n<li><strong>Mikrobiom pochwy (wymaz z dr\u00f3g rodnych)<\/strong>\u00a0\u2013 diagnostyka zdrowia intymnego kobiet, pomocna w ocenie infekcji, stan\u00f3w zapalnych i r\u00f3wnowagi bakteryjnej.<\/li>\n<li><strong>Mikrobiom nasienia (pr\u00f3bka nasienia)<\/strong>\u00a0\u2013 analiza mikroflory m\u0119skiego uk\u0142adu rozrodczego, istotna w diagnostyce p\u0142odno\u015bci oraz zdrowia intymnego m\u0119\u017cczyzn.<\/li>\n<li><strong>Mikrobiom uk\u0142adu moczowego (mocz)<\/strong>\u00a0\u2013 analiza mikroflory uk\u0142adu moczowego, wspieraj\u0105ca diagnostyk\u0119 infekcji i stan\u00f3w zapalnych dr\u00f3g moczowych.<\/li>\n<\/ul>\n<p><strong>Wa\u017cne informacje przy zam\u00f3wieniu:<\/strong><\/p>\n<ul>\n<li>Zam\u00f3wienie obejmuje analiz\u0119 jednego wybranego mikrobiomu. Aby przebada\u0107 wi\u0119cej obszar\u00f3w, dodaj kolejne produkty do koszyka osobno.<\/li>\n<li>W przypadku wyboru opcji\u00a0<strong>\u201eInne\u201d<\/strong>, prosimy poda\u0107 szczeg\u00f3\u0142owy opis w uwagach do zam\u00f3wienia \u2013 skontaktujemy si\u0119 przed wysy\u0142k\u0105, aby potwierdzi\u0107 szczeg\u00f3\u0142y.<\/li>\n<\/ul>","protected":false},"excerpt":{"rendered":"<p><strong>\u201eBadanie SPARKbiom\u201d<\/strong> to nowoczesne narz\u0119dzie diagnostyczne, kt\u00f3re zastosowanie znajduje w szerokiej analizie mikrobiomu. Wykorzystuj\u0105c najnowocze\u015bniejsze techniki sekwencjonowania DNA, badanie to pozwala zidentyfikowa\u0107 ponad 200 000 r\u00f3\u017cnych organizm\u00f3w, w tym bakterie, grzyby oraz paso\u017cyty, co czyni je jednym z najbardziej zaawansowanych test\u00f3w mikrobiologicznych na rynku.<\/p>\n<p>Badanie SPARKbiom rekomendowane jest osobom, kt\u00f3re chc\u0105 szczeg\u00f3\u0142owo pozna\u0107 sk\u0142ad swojego mikrobiomu, lepiej zrozumie\u0107 jego wp\u0142yw na zdrowie oraz skuteczniej diagnozowa\u0107 przyczyny problem\u00f3w zdrowotnych i optymalizowa\u0107 sw\u00f3j stan zdrowia.<\/p>\n<p><strong>Wybierz rodzaj\/wariant mikrobiomu do analizy.<\/strong><\/p>\n<p>Wyb\u00f3r wariantu mikrobiomu umo\u017cliwia nam wys\u0142anie odpowiednio dopasowanego zestawu diagnostycznego (np. specjalistyczne wymaz\u00f3wki, pojemniki na mocz lub ka\u0142), co u\u0142atwi prawid\u0142owe pobranie materia\u0142u i zapewni wiarygodno\u015b\u0107 wynik\u00f3w. Wi\u0119cej informacji o dost\u0119pnych rodzajach\/wariantach znajduje si\u0119 poni\u017cej.<\/p>","protected":false},"featured_media":2898,"template":"","meta":[],"product_brand":[],"product_cat":[24],"product_tag":[],"class_list":{"0":"post-3850","1":"product","2":"type-product","3":"status-publish","4":"has-post-thumbnail","6":"product_cat-badanie-mikrobiomu","8":"first","9":"instock","10":"taxable","11":"shipping-taxable","12":"purchasable","13":"product-type-variable"},"yoast_head":"<!-- This site is optimized with the Yoast SEO plugin v27.0 - https:\/\/yoast.com\/product\/yoast-seo-wordpress\/ -->\n<title>Badanie SPARKbiom - Zbadaj Mikrobiom Spark-Tech<\/title>\n<meta name=\"robots\" content=\"index, follow, max-snippet:-1, max-image-preview:large, max-video-preview:-1\" \/>\n<link rel=\"canonical\" href=\"https:\/\/sparkbiom.pl\/en\/product\/badanie-sparkbiom-warianty\/\" \/>\n<meta property=\"og:locale\" content=\"en_US\" \/>\n<meta property=\"og:type\" content=\"article\" \/>\n<meta property=\"og:title\" content=\"Badanie SPARKbiom - Zbadaj Mikrobiom Spark-Tech\" \/>\n<meta property=\"og:description\" content=\"\u201eBadanie SPARKbiom\u201d to nowoczesne narz\u0119dzie diagnostyczne, kt\u00f3re zastosowanie znajduje w szerokiej analizie mikrobiomu. Wykorzystuj\u0105c najnowocze\u015bniejsze techniki sekwencjonowania DNA, badanie to pozwala zidentyfikowa\u0107 ponad 200 000 r\u00f3\u017cnych organizm\u00f3w, w tym bakterie, grzyby oraz paso\u017cyty, co czyni je jednym z najbardziej zaawansowanych test\u00f3w mikrobiologicznych na rynku.  Badanie SPARKbiom rekomendowane jest osobom, kt\u00f3re chc\u0105 szczeg\u00f3\u0142owo pozna\u0107 sk\u0142ad swojego mikrobiomu, lepiej zrozumie\u0107 jego wp\u0142yw na zdrowie oraz skuteczniej diagnozowa\u0107 przyczyny problem\u00f3w zdrowotnych i optymalizowa\u0107 sw\u00f3j stan zdrowia.  Wybierz rodzaj\/wariant mikrobiomu do analizy.  Wyb\u00f3r wariantu mikrobiomu umo\u017cliwia nam wys\u0142anie odpowiednio dopasowanego zestawu diagnostycznego (np. specjalistyczne wymaz\u00f3wki, pojemniki na mocz lub ka\u0142), co u\u0142atwi prawid\u0142owe pobranie materia\u0142u i zapewni wiarygodno\u015b\u0107 wynik\u00f3w. Wi\u0119cej informacji o dost\u0119pnych rodzajach\/wariantach znajduje si\u0119 poni\u017cej.\" \/>\n<meta property=\"og:url\" content=\"https:\/\/sparkbiom.pl\/en\/product\/badanie-sparkbiom-warianty\/\" \/>\n<meta property=\"og:site_name\" content=\"Zbadaj Mikrobiom Spark-Tech\" \/>\n<meta property=\"article:modified_time\" content=\"2026-03-27T17:59:27+00:00\" \/>\n<meta property=\"og:image\" content=\"https:\/\/sparkbiom.pl\/wp-content\/uploads\/2024\/06\/zdjecie-whatsapp-2024-02-12-o-14.34.03_8896b851-ze-zmianami-e1707773496133.png\" \/>\n\t<meta property=\"og:image:width\" content=\"1434\" \/>\n\t<meta property=\"og:image:height\" content=\"1124\" \/>\n\t<meta property=\"og:image:type\" content=\"image\/png\" \/>\n<meta name=\"twitter:card\" content=\"summary_large_image\" \/>\n<meta name=\"twitter:label1\" content=\"Est. reading time\" \/>\n\t<meta name=\"twitter:data1\" content=\"5 minutes\" \/>\n<script type=\"application\/ld+json\" class=\"yoast-schema-graph\">{\"@context\":\"https:\/\/schema.org\",\"@graph\":[{\"@type\":\"WebPage\",\"@id\":\"https:\/\/sparkbiom.pl\/produkt\/badanie-sparkbiom-warianty\/\",\"url\":\"https:\/\/sparkbiom.pl\/produkt\/badanie-sparkbiom-warianty\/\",\"name\":\"Badanie SPARKbiom - Zbadaj Mikrobiom Spark-Tech\",\"isPartOf\":{\"@id\":\"https:\/\/sparkbiom.pl\/#website\"},\"primaryImageOfPage\":{\"@id\":\"https:\/\/sparkbiom.pl\/produkt\/badanie-sparkbiom-warianty\/#primaryimage\"},\"image\":{\"@id\":\"https:\/\/sparkbiom.pl\/produkt\/badanie-sparkbiom-warianty\/#primaryimage\"},\"thumbnailUrl\":\"https:\/\/sparkbiom.pl\/wp-content\/uploads\/2024\/06\/zdjecie-whatsapp-2024-02-12-o-14.34.03_8896b851-ze-zmianami-e1707773496133.png?wsr\",\"datePublished\":\"2025-05-20T16:03:01+00:00\",\"dateModified\":\"2026-03-27T17:59:27+00:00\",\"breadcrumb\":{\"@id\":\"https:\/\/sparkbiom.pl\/produkt\/badanie-sparkbiom-warianty\/#breadcrumb\"},\"inLanguage\":\"en-US\",\"potentialAction\":[{\"@type\":\"ReadAction\",\"target\":[\"https:\/\/sparkbiom.pl\/produkt\/badanie-sparkbiom-warianty\/\"]}]},{\"@type\":\"ImageObject\",\"inLanguage\":\"en-US\",\"@id\":\"https:\/\/sparkbiom.pl\/produkt\/badanie-sparkbiom-warianty\/#primaryimage\",\"url\":\"https:\/\/sparkbiom.pl\/wp-content\/uploads\/2024\/06\/zdjecie-whatsapp-2024-02-12-o-14.34.03_8896b851-ze-zmianami-e1707773496133.png?wsr\",\"contentUrl\":\"https:\/\/sparkbiom.pl\/wp-content\/uploads\/2024\/06\/zdjecie-whatsapp-2024-02-12-o-14.34.03_8896b851-ze-zmianami-e1707773496133.png?wsr\",\"width\":1434,\"height\":1124},{\"@type\":\"BreadcrumbList\",\"@id\":\"https:\/\/sparkbiom.pl\/produkt\/badanie-sparkbiom-warianty\/#breadcrumb\",\"itemListElement\":[{\"@type\":\"ListItem\",\"position\":1,\"name\":\"Strona g\u0142\u00f3wna\",\"item\":\"https:\/\/sparkbiom.pl\/\"},{\"@type\":\"ListItem\",\"position\":2,\"name\":\"Sklep\",\"item\":\"https:\/\/sparkbiom.pl\/sklep-stary\/\"},{\"@type\":\"ListItem\",\"position\":3,\"name\":\"Badanie SPARKbiom\"}]},{\"@type\":\"WebSite\",\"@id\":\"https:\/\/sparkbiom.pl\/#website\",\"url\":\"https:\/\/sparkbiom.pl\/\",\"name\":\"Zbadaj Mikrobiom Spark-Tech\",\"description\":\"Badanie mikrobiomu jelitowego i nie tylko. Spark-Tech i Hormondia\",\"potentialAction\":[{\"@type\":\"SearchAction\",\"target\":{\"@type\":\"EntryPoint\",\"urlTemplate\":\"https:\/\/sparkbiom.pl\/?s={search_term_string}\"},\"query-input\":{\"@type\":\"PropertyValueSpecification\",\"valueRequired\":true,\"valueName\":\"search_term_string\"}}],\"inLanguage\":\"en-US\"}]}<\/script>\n<!-- \/ Yoast SEO plugin. -->","yoast_head_json":{"title":"Badanie SPARKbiom - Zbadaj Mikrobiom Spark-Tech","robots":{"index":"index","follow":"follow","max-snippet":"max-snippet:-1","max-image-preview":"max-image-preview:large","max-video-preview":"max-video-preview:-1"},"canonical":"https:\/\/sparkbiom.pl\/en\/product\/badanie-sparkbiom-warianty\/","og_locale":"en_US","og_type":"article","og_title":"Badanie SPARKbiom - Zbadaj Mikrobiom Spark-Tech","og_description":"\u201eBadanie SPARKbiom\u201d to nowoczesne narz\u0119dzie diagnostyczne, kt\u00f3re zastosowanie znajduje w szerokiej analizie mikrobiomu. Wykorzystuj\u0105c najnowocze\u015bniejsze techniki sekwencjonowania DNA, badanie to pozwala zidentyfikowa\u0107 ponad 200 000 r\u00f3\u017cnych organizm\u00f3w, w tym bakterie, grzyby oraz paso\u017cyty, co czyni je jednym z najbardziej zaawansowanych test\u00f3w mikrobiologicznych na rynku.  Badanie SPARKbiom rekomendowane jest osobom, kt\u00f3re chc\u0105 szczeg\u00f3\u0142owo pozna\u0107 sk\u0142ad swojego mikrobiomu, lepiej zrozumie\u0107 jego wp\u0142yw na zdrowie oraz skuteczniej diagnozowa\u0107 przyczyny problem\u00f3w zdrowotnych i optymalizowa\u0107 sw\u00f3j stan zdrowia.  Wybierz rodzaj\/wariant mikrobiomu do analizy.  Wyb\u00f3r wariantu mikrobiomu umo\u017cliwia nam wys\u0142anie odpowiednio dopasowanego zestawu diagnostycznego (np. specjalistyczne wymaz\u00f3wki, pojemniki na mocz lub ka\u0142), co u\u0142atwi prawid\u0142owe pobranie materia\u0142u i zapewni wiarygodno\u015b\u0107 wynik\u00f3w. Wi\u0119cej informacji o dost\u0119pnych rodzajach\/wariantach znajduje si\u0119 poni\u017cej.","og_url":"https:\/\/sparkbiom.pl\/en\/product\/badanie-sparkbiom-warianty\/","og_site_name":"Zbadaj Mikrobiom Spark-Tech","article_modified_time":"2026-03-27T17:59:27+00:00","og_image":[{"width":1434,"height":1124,"url":"https:\/\/sparkbiom.pl\/wp-content\/uploads\/2024\/06\/zdjecie-whatsapp-2024-02-12-o-14.34.03_8896b851-ze-zmianami-e1707773496133.png","type":"image\/png"}],"twitter_card":"summary_large_image","twitter_misc":{"Est. reading time":"5 minutes"},"schema":{"@context":"https:\/\/schema.org","@graph":[{"@type":"WebPage","@id":"https:\/\/sparkbiom.pl\/produkt\/badanie-sparkbiom-warianty\/","url":"https:\/\/sparkbiom.pl\/produkt\/badanie-sparkbiom-warianty\/","name":"Badanie SPARKbiom - Zbadaj Mikrobiom Spark-Tech","isPartOf":{"@id":"https:\/\/sparkbiom.pl\/#website"},"primaryImageOfPage":{"@id":"https:\/\/sparkbiom.pl\/produkt\/badanie-sparkbiom-warianty\/#primaryimage"},"image":{"@id":"https:\/\/sparkbiom.pl\/produkt\/badanie-sparkbiom-warianty\/#primaryimage"},"thumbnailUrl":"https:\/\/sparkbiom.pl\/wp-content\/uploads\/2024\/06\/zdjecie-whatsapp-2024-02-12-o-14.34.03_8896b851-ze-zmianami-e1707773496133.png?wsr","datePublished":"2025-05-20T16:03:01+00:00","dateModified":"2026-03-27T17:59:27+00:00","breadcrumb":{"@id":"https:\/\/sparkbiom.pl\/produkt\/badanie-sparkbiom-warianty\/#breadcrumb"},"inLanguage":"en-US","potentialAction":[{"@type":"ReadAction","target":["https:\/\/sparkbiom.pl\/produkt\/badanie-sparkbiom-warianty\/"]}]},{"@type":"ImageObject","inLanguage":"en-US","@id":"https:\/\/sparkbiom.pl\/produkt\/badanie-sparkbiom-warianty\/#primaryimage","url":"https:\/\/sparkbiom.pl\/wp-content\/uploads\/2024\/06\/zdjecie-whatsapp-2024-02-12-o-14.34.03_8896b851-ze-zmianami-e1707773496133.png?wsr","contentUrl":"https:\/\/sparkbiom.pl\/wp-content\/uploads\/2024\/06\/zdjecie-whatsapp-2024-02-12-o-14.34.03_8896b851-ze-zmianami-e1707773496133.png?wsr","width":1434,"height":1124},{"@type":"BreadcrumbList","@id":"https:\/\/sparkbiom.pl\/produkt\/badanie-sparkbiom-warianty\/#breadcrumb","itemListElement":[{"@type":"ListItem","position":1,"name":"Strona g\u0142\u00f3wna","item":"https:\/\/sparkbiom.pl\/"},{"@type":"ListItem","position":2,"name":"Sklep","item":"https:\/\/sparkbiom.pl\/sklep-stary\/"},{"@type":"ListItem","position":3,"name":"Badanie SPARKbiom"}]},{"@type":"WebSite","@id":"https:\/\/sparkbiom.pl\/#website","url":"https:\/\/sparkbiom.pl\/","name":"Zbadaj Mikrobiom Spark-Tech","description":"Badanie mikrobiomu jelitowego i nie tylko. Spark-Tech i Hormondia","potentialAction":[{"@type":"SearchAction","target":{"@type":"EntryPoint","urlTemplate":"https:\/\/sparkbiom.pl\/?s={search_term_string}"},"query-input":{"@type":"PropertyValueSpecification","valueRequired":true,"valueName":"search_term_string"}}],"inLanguage":"en-US"}]}},"_links":{"self":[{"href":"https:\/\/sparkbiom.pl\/en\/wp-json\/wp\/v2\/product\/3850","targetHints":{"allow":["GET"]}}],"collection":[{"href":"https:\/\/sparkbiom.pl\/en\/wp-json\/wp\/v2\/product"}],"about":[{"href":"https:\/\/sparkbiom.pl\/en\/wp-json\/wp\/v2\/types\/product"}],"wp:featuredmedia":[{"embeddable":true,"href":"https:\/\/sparkbiom.pl\/en\/wp-json\/wp\/v2\/media\/2898"}],"wp:attachment":[{"href":"https:\/\/sparkbiom.pl\/en\/wp-json\/wp\/v2\/media?parent=3850"}],"wp:term":[{"taxonomy":"product_brand","embeddable":true,"href":"https:\/\/sparkbiom.pl\/en\/wp-json\/wp\/v2\/product_brand?post=3850"},{"taxonomy":"product_cat","embeddable":true,"href":"https:\/\/sparkbiom.pl\/en\/wp-json\/wp\/v2\/product_cat?post=3850"},{"taxonomy":"product_tag","embeddable":true,"href":"https:\/\/sparkbiom.pl\/en\/wp-json\/wp\/v2\/product_tag?post=3850"}],"curies":[{"name":"wp","href":"https:\/\/api.w.org\/{rel}","templated":true}]}}