{"id":4061,"date":"2025-06-26T11:38:15","date_gmt":"2025-06-26T09:38:15","guid":{"rendered":"https:\/\/sparkbiom.pl\/?post_type=product&#038;p=4061"},"modified":"2026-03-27T18:58:51","modified_gmt":"2026-03-27T17:58:51","slug":"badanie-sparkbiom-ocena-mikrobiomu-oraz-zalecenia-kliniczno-dietetyczne-warianty","status":"publish","type":"product","link":"https:\/\/sparkbiom.pl\/en\/product\/badanie-sparkbiom-ocena-mikrobiomu-oraz-zalecenia-kliniczno-dietetyczne-warianty\/","title":{"rendered":"SPARKbiom Test, Microbiome Assessment, and Clinical-Dietary Recommendations"},"content":{"rendered":"<p><strong>Dost\u0119pne mikrobiomy do badania:<\/strong><\/p>\n<ul>\n<li><strong>Mikrobiom jamy ustnej i gard\u0142a (wymaz z gard\u0142a)<\/strong>\u00a0\u2013 diagnostyka flory bakteryjnej jamy ustnej i gard\u0142a, pomocna przy infekcjach g\u00f3rnych dr\u00f3g oddechowych.<\/li>\n<li><strong>Mikrobiom zatok (wymaz z nosa)<\/strong>\u00a0\u2013 analiza mikroflory zatok i przewod\u00f3w nosowych, pomocna w diagnostyce przewlek\u0142ego zapalenia zatok czy infekcji nosa.<\/li>\n<li><strong>Mikrobiom uszny (wymaz z ucha)<\/strong>\u00a0\u2013 diagnostyka specyficznej flory przewodu s\u0142uchowego, wa\u017cna przy nawracaj\u0105cych zapaleniach uszu.<\/li>\n<li><strong>Mikrobiom sk\u00f3ry (wymaz\/wydzielina\/fragment sk\u00f3ry)<\/strong>\u00a0\u2013 analiza mikroflory sk\u00f3rnej, wa\u017cna w diagnostyce chor\u00f3b sk\u00f3ry, alergii i problem\u00f3w dermatologicznych.<\/li>\n<li><strong>Mikrobiom pochwy (wymaz z dr\u00f3g rodnych)<\/strong>\u00a0\u2013 diagnostyka zdrowia intymnego kobiet, pomocna w ocenie infekcji, stan\u00f3w zapalnych i r\u00f3wnowagi bakteryjnej.<\/li>\n<li><strong>Mikrobiom nasienia (pr\u00f3bka nasienia)<\/strong>\u00a0\u2013 analiza mikroflory m\u0119skiego uk\u0142adu rozrodczego, istotna w diagnostyce p\u0142odno\u015bci oraz zdrowia intymnego m\u0119\u017cczyzn.<\/li>\n<li><strong>Mikrobiom uk\u0142adu moczowego (mocz)<\/strong>\u00a0\u2013 analiza mikroflory uk\u0142adu moczowego, wspieraj\u0105ca diagnostyk\u0119 infekcji i stan\u00f3w zapalnych dr\u00f3g moczowych.<\/li>\n<\/ul>\n<p><strong>Wa\u017cne informacje przy zam\u00f3wieniu:<\/strong><\/p>\n<ul>\n<li>Zam\u00f3wienie obejmuje analiz\u0119 jednego wybranego mikrobiomu. Aby przebada\u0107 wi\u0119cej obszar\u00f3w, dodaj kolejne produkty do koszyka osobno.<\/li>\n<li>W przypadku wyboru opcji\u00a0<strong>\u201eInne\u201d<\/strong>, prosimy poda\u0107 szczeg\u00f3\u0142owy opis w uwagach do zam\u00f3wienia \u2013 skontaktujemy si\u0119 przed wysy\u0142k\u0105, aby potwierdzi\u0107 szczeg\u00f3\u0142y.<\/li>\n<\/ul>","protected":false},"excerpt":{"rendered":"<p><strong>\u201eBadanie Sparkbiom, ocena mikrobiomu oraz\u00a0zalecenia kliniczno-dietetyczne\u201d<\/strong> to kompleksowa us\u0142uga, kt\u00f3ra nie tylko identyfikuje sk\u0142ad mikrobiomu pacjenta za pomoc\u0105 zaawansowanego sekwencjonowania DNA, ale tak\u017ce oferuje profesjonaln\u0105 interpretacj\u0119 wynik\u00f3w oraz indywidualnie dostosowane zalecenia terapeutyczne. Wykorzystuj\u0105c najnowocze\u015bniejsze techniki sekwencjonowania DNA, badanie to pozwala zidentyfikowa\u0107 ponad 200 000 r\u00f3\u017cnych organizm\u00f3w, w tym bakterie, grzyby oraz paso\u017cyty, co czyni je jednym z najbardziej zaawansowanych test\u00f3w mikrobiologicznych na rynku.<\/p>\n<p>Po\u00a0zako\u0144czeniu bada\u0144, zesp\u00f3\u0142 lekarzy, farmaceut\u00f3w i\u00a0dietetyk\u00f3w SPARK Tech analizuje wyniki w\u00a0kontek\u015bcie zg\u0142aszanych przez\u00a0pacjenta objaw\u00f3w, historii medycznej i\u00a0stylu \u017cycia. Na\u00a0tej\u00a0podstawie opracowywane s\u0105\u00a0spersonalizowane zalecenia dotycz\u0105ce \u017cywienia, probiotykoterapii i\u00a0ewentualnych interwencji terapeutycznych, kt\u00f3re s\u0105\u00a0oparte na\u00a0najnowszych wynikach bada\u0144 naukowych.<\/p>\n<h3>Korzy\u015bci:<\/h3>\n<ul>\n<li><strong>Wszechstronna diagnoza i\u00a0terapia:<\/strong> Integruje badanie mikrobiomu z\u00a0holistyczn\u0105 ocen\u0105 zdrowotn\u0105 i\u00a0zaleceniami dopasowanymi do\u00a0indywidualnych potrzeb pacjenta.<\/li>\n<li><strong>Spersonalizowane zalecenia:<\/strong> Indywidualnie dostosowane wskaz\u00f3wki dotycz\u0105ce diety, suplementacji probiotycznej i\u00a0terapii, kt\u00f3re mog\u0105 znacznie poprawi\u0107 jako\u015b\u0107 \u017cycia pacjenta.<\/li>\n<li><strong>Opieka specjalistyczna:<\/strong> Bezpo\u015brednia wsp\u00f3\u0142praca z\u00a0multidyscyplinarnym zespo\u0142em ekspert\u00f3w.<\/li>\n<\/ul>\n<p>Us\u0142uga ta\u00a0jest idealna dla os\u00f3b poszukuj\u0105cych g\u0142\u0119bokiego zrozumienia wp\u0142ywu mikrobiomu na\u00a0zdrowie oraz\u00a0efektywnych, naukowo potwierdzonych metod poprawy swojego stanu zdrowia i\u00a0dobrego samopoczucia.<\/p>\n<p><strong>Wybierz rodzaj\/wariant mikrobiomu do analizy.<\/strong><\/p>\n<p>Wyb\u00f3r wariantu mikrobiomu umo\u017cliwia nam wys\u0142anie odpowiednio dopasowanego zestawu diagnostycznego (np. specjalistyczne wymaz\u00f3wki, pojemniki na mocz lub ka\u0142), co u\u0142atwi prawid\u0142owe pobranie materia\u0142u i zapewni wiarygodno\u015b\u0107 wynik\u00f3w. Wi\u0119cej informacji o dost\u0119pnych rodzajach\/wariantach znajduje si\u0119 poni\u017cej.<\/p>","protected":false},"featured_media":2898,"template":"","meta":[],"product_brand":[],"product_cat":[24],"product_tag":[],"class_list":{"0":"post-4061","1":"product","2":"type-product","3":"status-publish","4":"has-post-thumbnail","6":"product_cat-badanie-mikrobiomu","8":"first","9":"instock","10":"taxable","11":"shipping-taxable","12":"purchasable","13":"product-type-variable"},"yoast_head":"<!-- This site is optimized with the Yoast SEO plugin v27.0 - https:\/\/yoast.com\/product\/yoast-seo-wordpress\/ -->\n<title>Badanie SPARKbiom, ocena mikrobiomu oraz zalecenia kliniczno-dietetyczne - Zbadaj Mikrobiom Spark-Tech<\/title>\n<meta name=\"robots\" content=\"index, follow, max-snippet:-1, max-image-preview:large, max-video-preview:-1\" \/>\n<link rel=\"canonical\" href=\"https:\/\/sparkbiom.pl\/en\/product\/badanie-sparkbiom-ocena-mikrobiomu-oraz-zalecenia-kliniczno-dietetyczne-warianty\/\" \/>\n<meta property=\"og:locale\" content=\"en_US\" \/>\n<meta property=\"og:type\" content=\"article\" \/>\n<meta property=\"og:title\" content=\"Badanie SPARKbiom, ocena mikrobiomu oraz zalecenia kliniczno-dietetyczne - Zbadaj Mikrobiom Spark-Tech\" \/>\n<meta property=\"og:description\" content=\"\u201eBadanie Sparkbiom, ocena mikrobiomu oraz\u00a0zalecenia kliniczno-dietetyczne\u201d to kompleksowa us\u0142uga, kt\u00f3ra nie tylko identyfikuje sk\u0142ad mikrobiomu pacjenta za pomoc\u0105 zaawansowanego sekwencjonowania DNA, ale tak\u017ce oferuje profesjonaln\u0105 interpretacj\u0119 wynik\u00f3w oraz indywidualnie dostosowane zalecenia terapeutyczne. Wykorzystuj\u0105c najnowocze\u015bniejsze techniki sekwencjonowania DNA, badanie to pozwala zidentyfikowa\u0107 ponad 200 000 r\u00f3\u017cnych organizm\u00f3w, w tym bakterie, grzyby oraz paso\u017cyty, co czyni je jednym z najbardziej zaawansowanych test\u00f3w mikrobiologicznych na rynku.  Po\u00a0zako\u0144czeniu bada\u0144, zesp\u00f3\u0142 lekarzy, farmaceut\u00f3w i\u00a0dietetyk\u00f3w SPARK Tech analizuje wyniki w\u00a0kontek\u015bcie zg\u0142aszanych przez\u00a0pacjenta objaw\u00f3w, historii medycznej i\u00a0stylu \u017cycia. Na\u00a0tej\u00a0podstawie opracowywane s\u0105\u00a0spersonalizowane zalecenia dotycz\u0105ce \u017cywienia, probiotykoterapii i\u00a0ewentualnych interwencji terapeutycznych, kt\u00f3re s\u0105\u00a0oparte na\u00a0najnowszych wynikach bada\u0144 naukowych. Korzy\u015bci:   Wszechstronna diagnoza i\u00a0terapia: Integruje badanie mikrobiomu z\u00a0holistyczn\u0105 ocen\u0105 zdrowotn\u0105 i\u00a0zaleceniami dopasowanymi do\u00a0indywidualnych potrzeb pacjenta.  Spersonalizowane zalecenia: Indywidualnie dostosowane wskaz\u00f3wki dotycz\u0105ce diety, suplementacji probiotycznej i\u00a0terapii, kt\u00f3re mog\u0105 znacznie poprawi\u0107 jako\u015b\u0107 \u017cycia pacjenta.  Opieka specjalistyczna: Bezpo\u015brednia wsp\u00f3\u0142praca z\u00a0multidyscyplinarnym zespo\u0142em ekspert\u00f3w.  Us\u0142uga ta\u00a0jest idealna dla os\u00f3b poszukuj\u0105cych g\u0142\u0119bokiego zrozumienia wp\u0142ywu mikrobiomu na\u00a0zdrowie oraz\u00a0efektywnych, naukowo potwierdzonych metod poprawy swojego stanu zdrowia i\u00a0dobrego samopoczucia.  Wybierz rodzaj\/wariant mikrobiomu do analizy.  Wyb\u00f3r wariantu mikrobiomu umo\u017cliwia nam wys\u0142anie odpowiednio dopasowanego zestawu diagnostycznego (np. specjalistyczne wymaz\u00f3wki, pojemniki na mocz lub ka\u0142), co u\u0142atwi prawid\u0142owe pobranie materia\u0142u i zapewni wiarygodno\u015b\u0107 wynik\u00f3w. Wi\u0119cej informacji o dost\u0119pnych rodzajach\/wariantach znajduje si\u0119 poni\u017cej.\" \/>\n<meta property=\"og:url\" content=\"https:\/\/sparkbiom.pl\/en\/product\/badanie-sparkbiom-ocena-mikrobiomu-oraz-zalecenia-kliniczno-dietetyczne-warianty\/\" \/>\n<meta property=\"og:site_name\" content=\"Zbadaj Mikrobiom Spark-Tech\" \/>\n<meta property=\"article:modified_time\" content=\"2026-03-27T17:58:51+00:00\" \/>\n<meta property=\"og:image\" content=\"https:\/\/sparkbiom.pl\/wp-content\/uploads\/2024\/06\/zdjecie-whatsapp-2024-02-12-o-14.34.03_8896b851-ze-zmianami-e1707773496133.png\" \/>\n\t<meta property=\"og:image:width\" content=\"1434\" \/>\n\t<meta property=\"og:image:height\" content=\"1124\" \/>\n\t<meta property=\"og:image:type\" content=\"image\/png\" \/>\n<meta name=\"twitter:card\" content=\"summary_large_image\" \/>\n<meta name=\"twitter:label1\" content=\"Est. reading time\" \/>\n\t<meta name=\"twitter:data1\" content=\"6 minutes\" \/>\n<script type=\"application\/ld+json\" class=\"yoast-schema-graph\">{\"@context\":\"https:\/\/schema.org\",\"@graph\":[{\"@type\":\"WebPage\",\"@id\":\"https:\/\/sparkbiom.pl\/produkt\/badanie-sparkbiom-ocena-mikrobiomu-oraz-zalecenia-kliniczno-dietetyczne-warianty\/\",\"url\":\"https:\/\/sparkbiom.pl\/produkt\/badanie-sparkbiom-ocena-mikrobiomu-oraz-zalecenia-kliniczno-dietetyczne-warianty\/\",\"name\":\"Badanie SPARKbiom, ocena mikrobiomu oraz zalecenia kliniczno-dietetyczne - Zbadaj Mikrobiom Spark-Tech\",\"isPartOf\":{\"@id\":\"https:\/\/sparkbiom.pl\/#website\"},\"primaryImageOfPage\":{\"@id\":\"https:\/\/sparkbiom.pl\/produkt\/badanie-sparkbiom-ocena-mikrobiomu-oraz-zalecenia-kliniczno-dietetyczne-warianty\/#primaryimage\"},\"image\":{\"@id\":\"https:\/\/sparkbiom.pl\/produkt\/badanie-sparkbiom-ocena-mikrobiomu-oraz-zalecenia-kliniczno-dietetyczne-warianty\/#primaryimage\"},\"thumbnailUrl\":\"https:\/\/sparkbiom.pl\/wp-content\/uploads\/2024\/06\/zdjecie-whatsapp-2024-02-12-o-14.34.03_8896b851-ze-zmianami-e1707773496133.png?wsr\",\"datePublished\":\"2025-06-26T09:38:15+00:00\",\"dateModified\":\"2026-03-27T17:58:51+00:00\",\"breadcrumb\":{\"@id\":\"https:\/\/sparkbiom.pl\/produkt\/badanie-sparkbiom-ocena-mikrobiomu-oraz-zalecenia-kliniczno-dietetyczne-warianty\/#breadcrumb\"},\"inLanguage\":\"en-US\",\"potentialAction\":[{\"@type\":\"ReadAction\",\"target\":[\"https:\/\/sparkbiom.pl\/produkt\/badanie-sparkbiom-ocena-mikrobiomu-oraz-zalecenia-kliniczno-dietetyczne-warianty\/\"]}]},{\"@type\":\"ImageObject\",\"inLanguage\":\"en-US\",\"@id\":\"https:\/\/sparkbiom.pl\/produkt\/badanie-sparkbiom-ocena-mikrobiomu-oraz-zalecenia-kliniczno-dietetyczne-warianty\/#primaryimage\",\"url\":\"https:\/\/sparkbiom.pl\/wp-content\/uploads\/2024\/06\/zdjecie-whatsapp-2024-02-12-o-14.34.03_8896b851-ze-zmianami-e1707773496133.png?wsr\",\"contentUrl\":\"https:\/\/sparkbiom.pl\/wp-content\/uploads\/2024\/06\/zdjecie-whatsapp-2024-02-12-o-14.34.03_8896b851-ze-zmianami-e1707773496133.png?wsr\",\"width\":1434,\"height\":1124},{\"@type\":\"BreadcrumbList\",\"@id\":\"https:\/\/sparkbiom.pl\/produkt\/badanie-sparkbiom-ocena-mikrobiomu-oraz-zalecenia-kliniczno-dietetyczne-warianty\/#breadcrumb\",\"itemListElement\":[{\"@type\":\"ListItem\",\"position\":1,\"name\":\"Strona g\u0142\u00f3wna\",\"item\":\"https:\/\/sparkbiom.pl\/\"},{\"@type\":\"ListItem\",\"position\":2,\"name\":\"Sklep\",\"item\":\"https:\/\/sparkbiom.pl\/sklep-stary\/\"},{\"@type\":\"ListItem\",\"position\":3,\"name\":\"Badanie SPARKbiom, ocena mikrobiomu oraz zalecenia kliniczno-dietetyczne\"}]},{\"@type\":\"WebSite\",\"@id\":\"https:\/\/sparkbiom.pl\/#website\",\"url\":\"https:\/\/sparkbiom.pl\/\",\"name\":\"Zbadaj Mikrobiom Spark-Tech\",\"description\":\"Badanie mikrobiomu jelitowego i nie tylko. Spark-Tech i Hormondia\",\"potentialAction\":[{\"@type\":\"SearchAction\",\"target\":{\"@type\":\"EntryPoint\",\"urlTemplate\":\"https:\/\/sparkbiom.pl\/?s={search_term_string}\"},\"query-input\":{\"@type\":\"PropertyValueSpecification\",\"valueRequired\":true,\"valueName\":\"search_term_string\"}}],\"inLanguage\":\"en-US\"}]}<\/script>\n<!-- \/ Yoast SEO plugin. -->","yoast_head_json":{"title":"Badanie SPARKbiom, ocena mikrobiomu oraz zalecenia kliniczno-dietetyczne - Zbadaj Mikrobiom Spark-Tech","robots":{"index":"index","follow":"follow","max-snippet":"max-snippet:-1","max-image-preview":"max-image-preview:large","max-video-preview":"max-video-preview:-1"},"canonical":"https:\/\/sparkbiom.pl\/en\/product\/badanie-sparkbiom-ocena-mikrobiomu-oraz-zalecenia-kliniczno-dietetyczne-warianty\/","og_locale":"en_US","og_type":"article","og_title":"Badanie SPARKbiom, ocena mikrobiomu oraz zalecenia kliniczno-dietetyczne - Zbadaj Mikrobiom Spark-Tech","og_description":"\u201eBadanie Sparkbiom, ocena mikrobiomu oraz\u00a0zalecenia kliniczno-dietetyczne\u201d to kompleksowa us\u0142uga, kt\u00f3ra nie tylko identyfikuje sk\u0142ad mikrobiomu pacjenta za pomoc\u0105 zaawansowanego sekwencjonowania DNA, ale tak\u017ce oferuje profesjonaln\u0105 interpretacj\u0119 wynik\u00f3w oraz indywidualnie dostosowane zalecenia terapeutyczne. Wykorzystuj\u0105c najnowocze\u015bniejsze techniki sekwencjonowania DNA, badanie to pozwala zidentyfikowa\u0107 ponad 200 000 r\u00f3\u017cnych organizm\u00f3w, w tym bakterie, grzyby oraz paso\u017cyty, co czyni je jednym z najbardziej zaawansowanych test\u00f3w mikrobiologicznych na rynku.  Po\u00a0zako\u0144czeniu bada\u0144, zesp\u00f3\u0142 lekarzy, farmaceut\u00f3w i\u00a0dietetyk\u00f3w SPARK Tech analizuje wyniki w\u00a0kontek\u015bcie zg\u0142aszanych przez\u00a0pacjenta objaw\u00f3w, historii medycznej i\u00a0stylu \u017cycia. Na\u00a0tej\u00a0podstawie opracowywane s\u0105\u00a0spersonalizowane zalecenia dotycz\u0105ce \u017cywienia, probiotykoterapii i\u00a0ewentualnych interwencji terapeutycznych, kt\u00f3re s\u0105\u00a0oparte na\u00a0najnowszych wynikach bada\u0144 naukowych. Korzy\u015bci:   Wszechstronna diagnoza i\u00a0terapia: Integruje badanie mikrobiomu z\u00a0holistyczn\u0105 ocen\u0105 zdrowotn\u0105 i\u00a0zaleceniami dopasowanymi do\u00a0indywidualnych potrzeb pacjenta.  Spersonalizowane zalecenia: Indywidualnie dostosowane wskaz\u00f3wki dotycz\u0105ce diety, suplementacji probiotycznej i\u00a0terapii, kt\u00f3re mog\u0105 znacznie poprawi\u0107 jako\u015b\u0107 \u017cycia pacjenta.  Opieka specjalistyczna: Bezpo\u015brednia wsp\u00f3\u0142praca z\u00a0multidyscyplinarnym zespo\u0142em ekspert\u00f3w.  Us\u0142uga ta\u00a0jest idealna dla os\u00f3b poszukuj\u0105cych g\u0142\u0119bokiego zrozumienia wp\u0142ywu mikrobiomu na\u00a0zdrowie oraz\u00a0efektywnych, naukowo potwierdzonych metod poprawy swojego stanu zdrowia i\u00a0dobrego samopoczucia.  Wybierz rodzaj\/wariant mikrobiomu do analizy.  Wyb\u00f3r wariantu mikrobiomu umo\u017cliwia nam wys\u0142anie odpowiednio dopasowanego zestawu diagnostycznego (np. specjalistyczne wymaz\u00f3wki, pojemniki na mocz lub ka\u0142), co u\u0142atwi prawid\u0142owe pobranie materia\u0142u i zapewni wiarygodno\u015b\u0107 wynik\u00f3w. Wi\u0119cej informacji o dost\u0119pnych rodzajach\/wariantach znajduje si\u0119 poni\u017cej.","og_url":"https:\/\/sparkbiom.pl\/en\/product\/badanie-sparkbiom-ocena-mikrobiomu-oraz-zalecenia-kliniczno-dietetyczne-warianty\/","og_site_name":"Zbadaj Mikrobiom Spark-Tech","article_modified_time":"2026-03-27T17:58:51+00:00","og_image":[{"width":1434,"height":1124,"url":"https:\/\/sparkbiom.pl\/wp-content\/uploads\/2024\/06\/zdjecie-whatsapp-2024-02-12-o-14.34.03_8896b851-ze-zmianami-e1707773496133.png","type":"image\/png"}],"twitter_card":"summary_large_image","twitter_misc":{"Est. reading time":"6 minutes"},"schema":{"@context":"https:\/\/schema.org","@graph":[{"@type":"WebPage","@id":"https:\/\/sparkbiom.pl\/produkt\/badanie-sparkbiom-ocena-mikrobiomu-oraz-zalecenia-kliniczno-dietetyczne-warianty\/","url":"https:\/\/sparkbiom.pl\/produkt\/badanie-sparkbiom-ocena-mikrobiomu-oraz-zalecenia-kliniczno-dietetyczne-warianty\/","name":"Badanie SPARKbiom, ocena mikrobiomu oraz zalecenia kliniczno-dietetyczne - Zbadaj Mikrobiom Spark-Tech","isPartOf":{"@id":"https:\/\/sparkbiom.pl\/#website"},"primaryImageOfPage":{"@id":"https:\/\/sparkbiom.pl\/produkt\/badanie-sparkbiom-ocena-mikrobiomu-oraz-zalecenia-kliniczno-dietetyczne-warianty\/#primaryimage"},"image":{"@id":"https:\/\/sparkbiom.pl\/produkt\/badanie-sparkbiom-ocena-mikrobiomu-oraz-zalecenia-kliniczno-dietetyczne-warianty\/#primaryimage"},"thumbnailUrl":"https:\/\/sparkbiom.pl\/wp-content\/uploads\/2024\/06\/zdjecie-whatsapp-2024-02-12-o-14.34.03_8896b851-ze-zmianami-e1707773496133.png?wsr","datePublished":"2025-06-26T09:38:15+00:00","dateModified":"2026-03-27T17:58:51+00:00","breadcrumb":{"@id":"https:\/\/sparkbiom.pl\/produkt\/badanie-sparkbiom-ocena-mikrobiomu-oraz-zalecenia-kliniczno-dietetyczne-warianty\/#breadcrumb"},"inLanguage":"en-US","potentialAction":[{"@type":"ReadAction","target":["https:\/\/sparkbiom.pl\/produkt\/badanie-sparkbiom-ocena-mikrobiomu-oraz-zalecenia-kliniczno-dietetyczne-warianty\/"]}]},{"@type":"ImageObject","inLanguage":"en-US","@id":"https:\/\/sparkbiom.pl\/produkt\/badanie-sparkbiom-ocena-mikrobiomu-oraz-zalecenia-kliniczno-dietetyczne-warianty\/#primaryimage","url":"https:\/\/sparkbiom.pl\/wp-content\/uploads\/2024\/06\/zdjecie-whatsapp-2024-02-12-o-14.34.03_8896b851-ze-zmianami-e1707773496133.png?wsr","contentUrl":"https:\/\/sparkbiom.pl\/wp-content\/uploads\/2024\/06\/zdjecie-whatsapp-2024-02-12-o-14.34.03_8896b851-ze-zmianami-e1707773496133.png?wsr","width":1434,"height":1124},{"@type":"BreadcrumbList","@id":"https:\/\/sparkbiom.pl\/produkt\/badanie-sparkbiom-ocena-mikrobiomu-oraz-zalecenia-kliniczno-dietetyczne-warianty\/#breadcrumb","itemListElement":[{"@type":"ListItem","position":1,"name":"Strona g\u0142\u00f3wna","item":"https:\/\/sparkbiom.pl\/"},{"@type":"ListItem","position":2,"name":"Sklep","item":"https:\/\/sparkbiom.pl\/sklep-stary\/"},{"@type":"ListItem","position":3,"name":"Badanie SPARKbiom, ocena mikrobiomu oraz zalecenia kliniczno-dietetyczne"}]},{"@type":"WebSite","@id":"https:\/\/sparkbiom.pl\/#website","url":"https:\/\/sparkbiom.pl\/","name":"Zbadaj Mikrobiom Spark-Tech","description":"Badanie mikrobiomu jelitowego i nie tylko. Spark-Tech i Hormondia","potentialAction":[{"@type":"SearchAction","target":{"@type":"EntryPoint","urlTemplate":"https:\/\/sparkbiom.pl\/?s={search_term_string}"},"query-input":{"@type":"PropertyValueSpecification","valueRequired":true,"valueName":"search_term_string"}}],"inLanguage":"en-US"}]}},"_links":{"self":[{"href":"https:\/\/sparkbiom.pl\/en\/wp-json\/wp\/v2\/product\/4061","targetHints":{"allow":["GET"]}}],"collection":[{"href":"https:\/\/sparkbiom.pl\/en\/wp-json\/wp\/v2\/product"}],"about":[{"href":"https:\/\/sparkbiom.pl\/en\/wp-json\/wp\/v2\/types\/product"}],"wp:featuredmedia":[{"embeddable":true,"href":"https:\/\/sparkbiom.pl\/en\/wp-json\/wp\/v2\/media\/2898"}],"wp:attachment":[{"href":"https:\/\/sparkbiom.pl\/en\/wp-json\/wp\/v2\/media?parent=4061"}],"wp:term":[{"taxonomy":"product_brand","embeddable":true,"href":"https:\/\/sparkbiom.pl\/en\/wp-json\/wp\/v2\/product_brand?post=4061"},{"taxonomy":"product_cat","embeddable":true,"href":"https:\/\/sparkbiom.pl\/en\/wp-json\/wp\/v2\/product_cat?post=4061"},{"taxonomy":"product_tag","embeddable":true,"href":"https:\/\/sparkbiom.pl\/en\/wp-json\/wp\/v2\/product_tag?post=4061"}],"curies":[{"name":"wp","href":"https:\/\/api.w.org\/{rel}","templated":true}]}}